{"id":2364,"date":"2025-06-13T14:10:14","date_gmt":"2025-06-13T11:10:14","guid":{"rendered":"https:\/\/uudenlastensairaalantuki.fi\/register\/"},"modified":"2025-06-13T14:10:14","modified_gmt":"2025-06-13T11:10:14","slug":"register","status":"publish","type":"page","link":"https:\/\/uudenlastensairaalantuki.fi\/sv\/register\/","title":{"rendered":"Register new account"},"content":{"rendered":"\n\n\t<h2>Register a new account<\/h2>\n<p>With an account, you can submit and manage your innovations.<\/p>\n\t\n        <!-- Page Title -->\n        <div class=\"wpuf-bg-transparent wpuf-rounded-t-lg wpuf-mb-3\">\n            <h2 class=\"wpuf-text-gray-700 wpuf-font-bold wpuf-text-[32px] wpuf-leading-[48px] wpuf-tracking-[0.13px] wpuf-m-0\">\n                Account details            <\/h2>\n        <\/div>\n\n        <div class=\"wpuf-bg-transparent wpuf-mb-[48px]\">\n            <p class=\"wpuf-text-gray-400 wpuf-font-normal wpuf-text-[18px] wpuf-leading-[24px] wpuf-tracking-[0.13px] wpuf-m-0\">\n                The following addresses will be used on the checkout page by default.            <\/p>\n        <\/div>\n\n        <!-- Wrapper Container with Border (Form Only) -->\n        <div style=\"border: 1px solid #E1E5E8; border-radius: 24px; padding: 48px;\">\n        <form class=\"wpuf-form-add wpuf-form-layout1 wpuf-theme-style\" action=\"\" method=\"post\">\n            <ul class=\"wpuf-form form-label-above\">\n\n                <script type=\"text\/javascript\">\n                    if ( typeof wpuf_conditional_items === 'undefined' ) {\n                        wpuf_conditional_items = [];\n                    }\n\n                    if ( typeof wpuf_plupload_items === 'undefined' ) {\n                        wpuf_plupload_items = [];\n                    }\n\n                    if ( typeof wpuf_map_items === 'undefined' ) {\n                        wpuf_map_items = [];\n                    }\n                <\/script>\n\n                \n        <li class=\"wpuf-el first_name field-size-large\" data-label=\"First Name\">\n                    <div class=\"wpuf-label\">\n            <label for=\"first_name_2044\">\n                First Name <span class=\"required\">*<\/span>            <\/label>\n        <\/div>\n        \n            <div class=\"wpuf-fields\">\n                <input\n                    class=\"textfield wpuf_first_name_2044\"\n                    id=\"first_name_2044\"\n                    type=\"text\"\n                    data-required=\"yes\"\n                    data-type=\"text\" name=\"first_name\"\n                    placeholder=\"\"\n                    value=\"\"\n                    size=\"40\"\n                \/>\n\n                <span class=\"wpuf-wordlimit-message wpuf-help\"><\/span>\n                            <\/div>\n        <\/li>\n\n        \n        <li class=\"wpuf-el last_name field-size-large\" data-label=\"Last Name\">\n                    <div class=\"wpuf-label\">\n            <label for=\"last_name_2044\">\n                Last Name <span class=\"required\">*<\/span>            <\/label>\n        <\/div>\n        \n            <div class=\"wpuf-fields\">\n                <input\n                    class=\"textfield wpuf_last_name_2044\"\n                    id=\"last_name_2044\"\n                    type=\"text\"\n                    data-required=\"yes\"\n                    data-type=\"text\" name=\"last_name\"\n                    placeholder=\"\"\n                    value=\"\"\n                    size=\"40\"\n                \/>\n\n                <span class=\"wpuf-wordlimit-message wpuf-help\"><\/span>\n                            <\/div>\n        <\/li>\n\n        \n        <li class=\"wpuf-el user_email\" data-label=\"Your Email\">\n                    <div class=\"wpuf-label\">\n            <label for=\"user_email_2044\">\n                Your Email <span class=\"required\">*<\/span>            <\/label>\n        <\/div>\n        \n            <div class=\"wpuf-fields\">\n                <input\n                    class=\"textfield wpuf_user_email_2044\"\n                    id=\"user_email_2044\"\n                    type=\"email\"\n                    data-required=\"yes\"\n                    data-type=\"text\" name=\"user_email\"\n                    placeholder=\"\"\n                    value=\"\"\n                    size=\"40\"\n                \/>\n\n                <span class=\"wpuf-wordlimit-message wpuf-help\"><\/span>\n                            <\/div>\n        <\/li>\n\n        \n        <li class=\"wpuf-el password\" data-label=\"Password\">\n                    <div class=\"wpuf-label\">\n            <label for=\"password_2044\">\n                Password <span class=\"required\">*<\/span>            <\/label>\n        <\/div>\n        \n            <div class=\"wpuf-fields\">\n                <div class=\"wpuf-fields-inline\" style=\"position: relative;\">\n                    <input\n                        class=\"password  wpuf_password_2044\"\n                        id=\"password_2044_1\"\n                        type=\"password\"\n                        data-required=\"yes\"\n                        data-type=\"password\"\n                        data-repeat=\"yes\"\n                        data-minimum-length=\"5\"\n                        data-require-uppercase=\"no\"\n                        data-require-lowercase=\"no\"\n                        data-require-number=\"no\"\n                        data-require-special-char=\"no\"\n                        data-disallow-common-passwords=\"no\"\n                        placeholder=\"\"\n                        value=\"\"\n                        size=\"40\"\n                        name=\"pass1\"\n                    \/>\n                                            <img decoding=\"async\" class=\"wpuf-eye\" src=\"https:\/\/uudenlastensairaalantuki.fi\/wp\/wp-content\/plugins\/wp-user-frontend\/assets\/images\/eye.svg\" alt=\"\">\n                                        <\/div>\n\n                <span class=\"wpuf-wordlimit-message wpuf-help\"><\/span>\n                                            <\/div>\n        <\/li>\n\n        \n            \n            <li class=\"wpuf-el confirm_password\" data-label=\"Confirm Password\">\n                        <div class=\"wpuf-label\">\n            <label for=\"confirm_password_2044\">\n                Confirm Password <span class=\"required\">*<\/span>            <\/label>\n        <\/div>\n        \n                <div class=\"wpuf-fields\">\n                    <input\n                        id=\"password_2044_2\"\n                        class=\"password  wpuf_password_2044\"\n                        type=\"password\"\n                        placeholder=\"\"\n                        data-required=\"yes\"\n                        data-type=\"confirm_password\" name=\"pass2\"\n                        value=\"\"\n                        size=\"40\"\n                    \/>\n\n                    <span class=\"wpuf-wordlimit-message wpuf-help\"><\/span>\n                                            <span class=\"wpuf-password-match-message\" id=\"wpuf-password-match_2044\"\n                              style=\"display: none;\"><\/span>\n                                        <span class=\"wpuf-help\"><\/span>\n                <\/div>\n            <\/li>\n\n            \n            <li>\n                <div class=\"wpuf-label\">&nbsp;<\/div>\n                <div class=\"wpuf-fields\">\n                    <div class=\"pass-strength-result\" id=\"pass-strength-result_2044\" style=\"display: block\">Strength indicator<\/div>\n                <\/div>\n            <\/li>\n\n            <script type=\"text\/javascript\">\n                jQuery(function($) {\n                    function check_pass_strength() {\n                        var pass1 = $(\"#password_2044_1\").val(),\n                            pass2 = $(\"#password_2044_2\").val(),\n                            strength;\n                        var minimumStrength = \"weak\";\n                        var strengthField = \"#pass-strength-result_2044\";\n\n                        if ( typeof pass2 === 'undefined' ) {\n                            pass2 = pass1;\n                        }\n\n                        $( strengthField ).removeClass('short bad good strong');\n                        if (!pass1) {\n                            $( strengthField ).html(pwsL10n.empty);\n                            return;\n                        }\n\n                        if ( ! minimumStrength ) {\n                            return;\n                        }\n\n                        strength = wp.passwordStrength.meter(pass1, wp.passwordStrength.userInputDisallowedList(), pass2);\n\n                        switch (strength) {\n                            case 2:\n                                $( strengthField ).addClass('bad').html(pwsL10n.bad);\n                                break;\n                            case 3:\n                                $( strengthField ).addClass('good').html(pwsL10n.good);\n                                break;\n                            case 4:\n                                $( strengthField ).addClass('strong').html(pwsL10n.strong);\n                                break;\n                            case 5:\n                                $( strengthField ).addClass('short').html(pwsL10n.mismatch);\n                                break;\n                            default:\n                                $( strengthField ).addClass('short').html(pwsL10n['short']);\n                        }\n\n                        var passwordField = \"#password_2044_1\";\n\n                        WP_User_Frontend.removeErrors($(passwordField).closest('li'));\n\n                        switch ( minimumStrength ) {\n                            case 'weak':\n                                if ( strength < 2 ) {\n                                    WP_User_Frontend.markError(passwordField, 'custom', wpuf_frontend.password_warning_weak);\n                                }\n                                break;\n                            case 'medium':\n                                if ( strength < 3 ) {\n                                    WP_User_Frontend.markError(passwordField, 'custom', wpuf_frontend.password_warning_medium);\n                                }\n                                break;\n                            case 'strong':\n                                if ( strength < 4 ) {\n                                    WP_User_Frontend.markError(passwordField, 'custom', wpuf_frontend.password_warning_strong);\n                                }\n                                break;\n                        }\n                    }\n\n                    $(\"#password_2044_1\").val('').keyup(check_pass_strength);\n                    $(\"#password_2044_2\").val('').keyup(check_pass_strength);\n                    $( \"#pass-strength-result_2044\" ).show();\n                });\n            <\/script>\n            \n            <li class=\"wpuf-el avatar field-size-large\" data-label=\"Profile picture\">\n\n                    <div class=\"wpuf-label\">\n            <label for=\"avatar_2044\">\n                Profile picture            <\/label>\n        <\/div>\n        \n            <div class=\"wpuf-fields\">\n                <div id=\"wpuf-avatar-2044-upload-container\">\n                    <div class=\"wpuf-attachment-upload-filelist\" data-type=\"file\" data-required=\"no\">\n                        <a id=\"wpuf-avatar-2044-pickfiles\" data-form_id=\"2044\" class=\"button file-selector  wpuf_avatar_2044\" href=\"#\">Select Image<\/a>\n\n                        <ul class=\"wpuf-attachment-list thumbnails\">\n\n                                                    <\/ul>\n                    <\/div>\n                <\/div><!-- .container -->\n\n                \n            <\/div> <!-- .wpuf-fields -->\n\n            <script type=\"text\/javascript\">\n                (function($) {\n                    $(document).ready( function(){\n                        var uploader = new WPUF_Uploader('wpuf-avatar-2044-pickfiles', 'wpuf-avatar-2044-upload-container', 1, 'avatar', 'jpg,jpeg,gif,png,bmp,webp', 1024);\n                        wpuf_plupload_items.push(uploader);\n                    });\n                })(jQuery);\n            <\/script>\n\n\n                <\/li>\n                    <li class=\"wpuf-el terms_and_conditions\" data-label=\"\">\n            <div class=\"wpuf-label\">\n                &nbsp;\n            <\/div>\n\n            <div data-required=\"yes\" data-type=\"radio\" class=\"wpuf-fields  wpuf_terms_and_conditions_2044\">\n\n                <label>\n                                            <input\n                            type=\"checkbox\"\n                            name=\"terms_and_conditions\"\n                            required=\"required\"\n                                                    \/>\n                    \n                    I have read and agree to the <a href=\"\/tietosuojaseloste\">Privacy Policy<\/a>.                <\/label>\n            <\/div>\n        <\/li>\n\n         <li class=\"wpuf-el recaptcha\" data-label=\"Confirm you are human\">\n\n                    <div class=\"wpuf-label\">\n            <label for=\"recaptcha_0\">\n                Confirm you are human            <\/label>\n        <\/div>\n        \n                <div class=\"wpuf-fields  wpuf_recaptcha_2044\">\n                    <script>\n                        function wpufRecaptchaCallback(token) {\n                            jQuery('[name=\"g-recaptcha-response\"]').val(token);\n                            jQuery('.wpuf-submit-button').attr('disabled',false).show();\n                            jQuery('.wpuf-submit-btn-recaptcha').hide();\n                        }\n\n                        jQuery(document).ready( function($) {\n                            $('.wpuf-submit-button').attr('disabled',true);\n                        });\n                    <\/script>\n\n                    <input type=\"hidden\" name=\"g-recaptcha-response\">\n                \n                                        <div id='recaptcha' data-theme=\"light\" class=\"g-recaptcha\" data-sitekey=\"6LcbyGwrAAAAAKlCNG5BdC7_BZxgpiRigMyBaoR2\" data-callback=\"wpufRecaptchaCallback\"><\/div>\n                \n                <\/div>\n\n            \n        <\/li>\n\n        \n        <li class=\"wpuf-submit\">\n\n            <input type=\"hidden\" id=\"_wpnonce\" name=\"_wpnonce\" value=\"7144e5fe05\" \/><input type=\"hidden\" name=\"_wp_http_referer\" value=\"\/sv\/wp-json\/wp\/v2\/pages\/2364\" \/>                <input type=\"hidden\" name=\"form_id\" value=\"2044\">\n                <input type=\"hidden\" name=\"page_id\" value=\"2364\">\n                <input type=\"hidden\" id=\"del_attach\" name=\"delete_attachments[]\">\n\n                            <input type=\"hidden\" name=\"action\" value=\"wpuf_submit_register\">\n                                <input type=\"submit\" class=\"wpuf-submit-button\" name=\"submit\" value=\"Register Now\" \/>\n                <br><br>\n                Already have an account? <a href=\"https:\/\/uudenlastensairaalantuki.fi\/sv\/login\/\">Login<\/a>                    <\/li>\n\n        <li><\/li><\/ul><\/form>        <\/div><!-- Close wrapper container with border -->\n        \n\n","protected":false},"excerpt":{"rendered":"<p>Register a new account With an account, you can submit and manage your innovations.<\/p>\n","protected":false},"author":4,"featured_media":0,"parent":0,"menu_order":0,"comment_status":"closed","ping_status":"closed","template":"","meta":{"_acf_changed":false,"footnotes":""},"class_list":["post-2364","page","type-page","status-publish","hentry"],"acf":[],"yoast_head":"<!-- This site is optimized with the Yoast SEO plugin v27.6 - https:\/\/yoast.com\/product\/yoast-seo-wordpress\/ -->\n<title>Register new account - Uuden Lastensairaalan Tukis\u00e4\u00e4ti\u00f6<\/title>\n<meta name=\"robots\" content=\"index, follow, max-snippet:-1, max-image-preview:large, max-video-preview:-1\" \/>\n<link rel=\"canonical\" href=\"https:\/\/uudenlastensairaalantuki.fi\/sv\/register\/\" \/>\n<meta property=\"og:locale\" content=\"sv_SE\" \/>\n<meta property=\"og:type\" content=\"article\" \/>\n<meta property=\"og:title\" content=\"Register new account - Uuden Lastensairaalan Tukis\u00e4\u00e4ti\u00f6\" \/>\n<meta property=\"og:description\" content=\"Register a new account With an account, you can submit and manage your innovations.\" \/>\n<meta property=\"og:url\" content=\"https:\/\/uudenlastensairaalantuki.fi\/sv\/register\/\" \/>\n<meta property=\"og:site_name\" content=\"Uuden Lastensairaalan Tukis\u00e4\u00e4ti\u00f6\" \/>\n<meta property=\"og:image\" content=\"https:\/\/uudenlastensairaalantuki.fi\/wp\/wp-content\/uploads\/2024\/12\/ult_og.jpg\" \/>\n\t<meta property=\"og:image:width\" content=\"1920\" \/>\n\t<meta property=\"og:image:height\" content=\"1080\" \/>\n\t<meta property=\"og:image:type\" content=\"image\/jpeg\" \/>\n<meta name=\"twitter:card\" content=\"summary_large_image\" \/>\n<script type=\"application\/ld+json\" class=\"yoast-schema-graph\">{\"@context\":\"https:\\\/\\\/schema.org\",\"@graph\":[{\"@type\":\"WebPage\",\"@id\":\"https:\\\/\\\/uudenlastensairaalantuki.fi\\\/sv\\\/register\\\/\",\"url\":\"https:\\\/\\\/uudenlastensairaalantuki.fi\\\/sv\\\/register\\\/\",\"name\":\"Register new account - Uuden Lastensairaalan Tukis\u00e4\u00e4ti\u00f6\",\"isPartOf\":{\"@id\":\"https:\\\/\\\/uudenlastensairaalantuki.fi\\\/sv\\\/#website\"},\"datePublished\":\"2025-06-13T11:10:14+00:00\",\"breadcrumb\":{\"@id\":\"https:\\\/\\\/uudenlastensairaalantuki.fi\\\/sv\\\/register\\\/#breadcrumb\"},\"inLanguage\":\"sv-SE\",\"potentialAction\":[{\"@type\":\"ReadAction\",\"target\":[\"https:\\\/\\\/uudenlastensairaalantuki.fi\\\/sv\\\/register\\\/\"]}]},{\"@type\":\"BreadcrumbList\",\"@id\":\"https:\\\/\\\/uudenlastensairaalantuki.fi\\\/sv\\\/register\\\/#breadcrumb\",\"itemListElement\":[{\"@type\":\"ListItem\",\"position\":1,\"name\":\"Etusivu\",\"item\":\"https:\\\/\\\/uudenlastensairaalantuki.fi\\\/sv\\\/\"},{\"@type\":\"ListItem\",\"position\":2,\"name\":\"Register new account\"}]},{\"@type\":\"WebSite\",\"@id\":\"https:\\\/\\\/uudenlastensairaalantuki.fi\\\/sv\\\/#website\",\"url\":\"https:\\\/\\\/uudenlastensairaalantuki.fi\\\/sv\\\/\",\"name\":\"Uuden Lastensairaalan Tukis\u00e4\u00e4ti\u00f6\",\"description\":\"Uusi lastensairaala on koko Suomen hanke. Tukis\u00e4\u00e4ti\u00f6 kehitt\u00e4\u00e4 sairaalaa ja sen toimintaa, jotta lapsipotilaat saavat parasta mahdollista hoitoa.\",\"publisher\":{\"@id\":\"https:\\\/\\\/uudenlastensairaalantuki.fi\\\/sv\\\/#organization\"},\"potentialAction\":[{\"@type\":\"SearchAction\",\"target\":{\"@type\":\"EntryPoint\",\"urlTemplate\":\"https:\\\/\\\/uudenlastensairaalantuki.fi\\\/sv\\\/?s={search_term_string}\"},\"query-input\":{\"@type\":\"PropertyValueSpecification\",\"valueRequired\":true,\"valueName\":\"search_term_string\"}}],\"inLanguage\":\"sv-SE\"},{\"@type\":\"Organization\",\"@id\":\"https:\\\/\\\/uudenlastensairaalantuki.fi\\\/sv\\\/#organization\",\"name\":\"Uuden Lastensairaalan Tukis\u00e4\u00e4ti\u00f6\",\"url\":\"https:\\\/\\\/uudenlastensairaalantuki.fi\\\/sv\\\/\",\"logo\":{\"@type\":\"ImageObject\",\"inLanguage\":\"sv-SE\",\"@id\":\"https:\\\/\\\/uudenlastensairaalantuki.fi\\\/sv\\\/#\\\/schema\\\/logo\\\/image\\\/\",\"url\":\"https:\\\/\\\/uudenlastensairaalantuki.fi\\\/wp\\\/wp-content\\\/uploads\\\/2024\\\/04\\\/ults-logo-pinkki.png\",\"contentUrl\":\"https:\\\/\\\/uudenlastensairaalantuki.fi\\\/wp\\\/wp-content\\\/uploads\\\/2024\\\/04\\\/ults-logo-pinkki.png\",\"width\":916,\"height\":400,\"caption\":\"Uuden Lastensairaalan Tukis\u00e4\u00e4ti\u00f6\"},\"image\":{\"@id\":\"https:\\\/\\\/uudenlastensairaalantuki.fi\\\/sv\\\/#\\\/schema\\\/logo\\\/image\\\/\"}}]}<\/script>\n<!-- \/ Yoast SEO plugin. -->","yoast_head_json":{"title":"Register new account - Uuden Lastensairaalan Tukis\u00e4\u00e4ti\u00f6","robots":{"index":"index","follow":"follow","max-snippet":"max-snippet:-1","max-image-preview":"max-image-preview:large","max-video-preview":"max-video-preview:-1"},"canonical":"https:\/\/uudenlastensairaalantuki.fi\/sv\/register\/","og_locale":"sv_SE","og_type":"article","og_title":"Register new account - Uuden Lastensairaalan Tukis\u00e4\u00e4ti\u00f6","og_description":"Register a new account With an account, you can submit and manage your innovations.","og_url":"https:\/\/uudenlastensairaalantuki.fi\/sv\/register\/","og_site_name":"Uuden Lastensairaalan Tukis\u00e4\u00e4ti\u00f6","og_image":[{"width":1920,"height":1080,"url":"https:\/\/uudenlastensairaalantuki.fi\/wp\/wp-content\/uploads\/2024\/12\/ult_og.jpg","type":"image\/jpeg"}],"twitter_card":"summary_large_image","schema":{"@context":"https:\/\/schema.org","@graph":[{"@type":"WebPage","@id":"https:\/\/uudenlastensairaalantuki.fi\/sv\/register\/","url":"https:\/\/uudenlastensairaalantuki.fi\/sv\/register\/","name":"Register new account - Uuden Lastensairaalan Tukis\u00e4\u00e4ti\u00f6","isPartOf":{"@id":"https:\/\/uudenlastensairaalantuki.fi\/sv\/#website"},"datePublished":"2025-06-13T11:10:14+00:00","breadcrumb":{"@id":"https:\/\/uudenlastensairaalantuki.fi\/sv\/register\/#breadcrumb"},"inLanguage":"sv-SE","potentialAction":[{"@type":"ReadAction","target":["https:\/\/uudenlastensairaalantuki.fi\/sv\/register\/"]}]},{"@type":"BreadcrumbList","@id":"https:\/\/uudenlastensairaalantuki.fi\/sv\/register\/#breadcrumb","itemListElement":[{"@type":"ListItem","position":1,"name":"Etusivu","item":"https:\/\/uudenlastensairaalantuki.fi\/sv\/"},{"@type":"ListItem","position":2,"name":"Register new account"}]},{"@type":"WebSite","@id":"https:\/\/uudenlastensairaalantuki.fi\/sv\/#website","url":"https:\/\/uudenlastensairaalantuki.fi\/sv\/","name":"Uuden Lastensairaalan Tukis\u00e4\u00e4ti\u00f6","description":"Uusi lastensairaala on koko Suomen hanke. Tukis\u00e4\u00e4ti\u00f6 kehitt\u00e4\u00e4 sairaalaa ja sen toimintaa, jotta lapsipotilaat saavat parasta mahdollista hoitoa.","publisher":{"@id":"https:\/\/uudenlastensairaalantuki.fi\/sv\/#organization"},"potentialAction":[{"@type":"SearchAction","target":{"@type":"EntryPoint","urlTemplate":"https:\/\/uudenlastensairaalantuki.fi\/sv\/?s={search_term_string}"},"query-input":{"@type":"PropertyValueSpecification","valueRequired":true,"valueName":"search_term_string"}}],"inLanguage":"sv-SE"},{"@type":"Organization","@id":"https:\/\/uudenlastensairaalantuki.fi\/sv\/#organization","name":"Uuden Lastensairaalan Tukis\u00e4\u00e4ti\u00f6","url":"https:\/\/uudenlastensairaalantuki.fi\/sv\/","logo":{"@type":"ImageObject","inLanguage":"sv-SE","@id":"https:\/\/uudenlastensairaalantuki.fi\/sv\/#\/schema\/logo\/image\/","url":"https:\/\/uudenlastensairaalantuki.fi\/wp\/wp-content\/uploads\/2024\/04\/ults-logo-pinkki.png","contentUrl":"https:\/\/uudenlastensairaalantuki.fi\/wp\/wp-content\/uploads\/2024\/04\/ults-logo-pinkki.png","width":916,"height":400,"caption":"Uuden Lastensairaalan Tukis\u00e4\u00e4ti\u00f6"},"image":{"@id":"https:\/\/uudenlastensairaalantuki.fi\/sv\/#\/schema\/logo\/image\/"}}]}},"_links":{"self":[{"href":"https:\/\/uudenlastensairaalantuki.fi\/sv\/wp-json\/wp\/v2\/pages\/2364","targetHints":{"allow":["GET"]}}],"collection":[{"href":"https:\/\/uudenlastensairaalantuki.fi\/sv\/wp-json\/wp\/v2\/pages"}],"about":[{"href":"https:\/\/uudenlastensairaalantuki.fi\/sv\/wp-json\/wp\/v2\/types\/page"}],"author":[{"embeddable":true,"href":"https:\/\/uudenlastensairaalantuki.fi\/sv\/wp-json\/wp\/v2\/users\/4"}],"replies":[{"embeddable":true,"href":"https:\/\/uudenlastensairaalantuki.fi\/sv\/wp-json\/wp\/v2\/comments?post=2364"}],"version-history":[{"count":0,"href":"https:\/\/uudenlastensairaalantuki.fi\/sv\/wp-json\/wp\/v2\/pages\/2364\/revisions"}],"wp:attachment":[{"href":"https:\/\/uudenlastensairaalantuki.fi\/sv\/wp-json\/wp\/v2\/media?parent=2364"}],"curies":[{"name":"wp","href":"https:\/\/api.w.org\/{rel}","templated":true}]}}