{"id":2351,"date":"2025-08-25T16:46:55","date_gmt":"2025-08-25T13:46:55","guid":{"rendered":"https:\/\/uudenlastensairaalantuki.fi\/innovationer\/"},"modified":"2026-04-17T15:45:54","modified_gmt":"2026-04-17T12:45:54","slug":"innovationer","status":"publish","type":"page","link":"https:\/\/uudenlastensairaalantuki.fi\/sv\/innovationer\/","title":{"rendered":"Innovationer"},"content":{"rendered":"\n\n\t<h1>Innovaatiot<\/h1>\n\t<ul>\n\t\t<li  data-children-wrapper=\"true\"><\/li><li  data-children-wrapper=\"true\"><\/li>\t<\/ul>\n\t\t\t\t<img decoding=\"async\" src=\"https:\/\/uudenlastensairaalantuki.fi\/wp\/wp-content\/plugins\/bb-plugin\/img\/pixel.png\" alt=\"\" itemprop=\"image\" onerror=\"this.style.display='none'\" loading=\"lazy\" \/>\n\n\n","protected":false},"excerpt":{"rendered":"<p>Innovaatiot<\/p>\n","protected":false},"author":4,"featured_media":0,"parent":0,"menu_order":0,"comment_status":"closed","ping_status":"closed","template":"","meta":{"_acf_changed":false,"footnotes":""},"class_list":["post-2351","page","type-page","status-publish","hentry"],"acf":[],"yoast_head":"<!-- This site is optimized with the Yoast SEO plugin v27.6 - https:\/\/yoast.com\/product\/yoast-seo-wordpress\/ -->\n<title>Innovationer - Uuden Lastensairaalan Tukis\u00e4\u00e4ti\u00f6<\/title>\n<meta name=\"robots\" content=\"index, follow, max-snippet:-1, max-image-preview:large, max-video-preview:-1\" \/>\n<link rel=\"canonical\" href=\"https:\/\/uudenlastensairaalantuki.fi\/sv\/innovationer\/\" \/>\n<meta property=\"og:locale\" content=\"sv_SE\" \/>\n<meta property=\"og:type\" content=\"article\" \/>\n<meta property=\"og:title\" content=\"Innovationer - Uuden Lastensairaalan Tukis\u00e4\u00e4ti\u00f6\" \/>\n<meta property=\"og:description\" content=\"Innovaatiot\" \/>\n<meta property=\"og:url\" content=\"https:\/\/uudenlastensairaalantuki.fi\/sv\/innovationer\/\" \/>\n<meta property=\"og:site_name\" content=\"Uuden Lastensairaalan Tukis\u00e4\u00e4ti\u00f6\" \/>\n<meta property=\"article:modified_time\" content=\"2026-04-17T12:45:54+00:00\" \/>\n<meta property=\"og:image\" content=\"https:\/\/uudenlastensairaalantuki.fi\/wp\/wp-content\/plugins\/bb-plugin\/img\/pixel.png\" \/>\n<meta name=\"twitter:card\" content=\"summary_large_image\" \/>\n<script type=\"application\/ld+json\" class=\"yoast-schema-graph\">{\"@context\":\"https:\\\/\\\/schema.org\",\"@graph\":[{\"@type\":\"WebPage\",\"@id\":\"https:\\\/\\\/uudenlastensairaalantuki.fi\\\/sv\\\/innovationer\\\/\",\"url\":\"https:\\\/\\\/uudenlastensairaalantuki.fi\\\/sv\\\/innovationer\\\/\",\"name\":\"Innovationer - Uuden Lastensairaalan Tukis\u00e4\u00e4ti\u00f6\",\"isPartOf\":{\"@id\":\"https:\\\/\\\/uudenlastensairaalantuki.fi\\\/sv\\\/#website\"},\"primaryImageOfPage\":{\"@id\":\"https:\\\/\\\/uudenlastensairaalantuki.fi\\\/sv\\\/innovationer\\\/#primaryimage\"},\"image\":{\"@id\":\"https:\\\/\\\/uudenlastensairaalantuki.fi\\\/sv\\\/innovationer\\\/#primaryimage\"},\"thumbnailUrl\":\"https:\\\/\\\/uudenlastensairaalantuki.fi\\\/wp\\\/wp-content\\\/plugins\\\/bb-plugin\\\/img\\\/pixel.png\",\"datePublished\":\"2025-08-25T13:46:55+00:00\",\"dateModified\":\"2026-04-17T12:45:54+00:00\",\"breadcrumb\":{\"@id\":\"https:\\\/\\\/uudenlastensairaalantuki.fi\\\/sv\\\/innovationer\\\/#breadcrumb\"},\"inLanguage\":\"sv-SE\",\"potentialAction\":[{\"@type\":\"ReadAction\",\"target\":[\"https:\\\/\\\/uudenlastensairaalantuki.fi\\\/sv\\\/innovationer\\\/\"]}]},{\"@type\":\"ImageObject\",\"inLanguage\":\"sv-SE\",\"@id\":\"https:\\\/\\\/uudenlastensairaalantuki.fi\\\/sv\\\/innovationer\\\/#primaryimage\",\"url\":\"https:\\\/\\\/uudenlastensairaalantuki.fi\\\/wp\\\/wp-content\\\/plugins\\\/bb-plugin\\\/img\\\/pixel.png\",\"contentUrl\":\"https:\\\/\\\/uudenlastensairaalantuki.fi\\\/wp\\\/wp-content\\\/plugins\\\/bb-plugin\\\/img\\\/pixel.png\"},{\"@type\":\"BreadcrumbList\",\"@id\":\"https:\\\/\\\/uudenlastensairaalantuki.fi\\\/sv\\\/innovationer\\\/#breadcrumb\",\"itemListElement\":[{\"@type\":\"ListItem\",\"position\":1,\"name\":\"Etusivu\",\"item\":\"https:\\\/\\\/uudenlastensairaalantuki.fi\\\/sv\\\/\"},{\"@type\":\"ListItem\",\"position\":2,\"name\":\"Innovationer\"}]},{\"@type\":\"WebSite\",\"@id\":\"https:\\\/\\\/uudenlastensairaalantuki.fi\\\/sv\\\/#website\",\"url\":\"https:\\\/\\\/uudenlastensairaalantuki.fi\\\/sv\\\/\",\"name\":\"Uuden Lastensairaalan Tukis\u00e4\u00e4ti\u00f6\",\"description\":\"Uusi lastensairaala on koko Suomen hanke. Tukis\u00e4\u00e4ti\u00f6 kehitt\u00e4\u00e4 sairaalaa ja sen toimintaa, jotta lapsipotilaat saavat parasta mahdollista hoitoa.\",\"publisher\":{\"@id\":\"https:\\\/\\\/uudenlastensairaalantuki.fi\\\/sv\\\/#organization\"},\"potentialAction\":[{\"@type\":\"SearchAction\",\"target\":{\"@type\":\"EntryPoint\",\"urlTemplate\":\"https:\\\/\\\/uudenlastensairaalantuki.fi\\\/sv\\\/?s={search_term_string}\"},\"query-input\":{\"@type\":\"PropertyValueSpecification\",\"valueRequired\":true,\"valueName\":\"search_term_string\"}}],\"inLanguage\":\"sv-SE\"},{\"@type\":\"Organization\",\"@id\":\"https:\\\/\\\/uudenlastensairaalantuki.fi\\\/sv\\\/#organization\",\"name\":\"Uuden Lastensairaalan Tukis\u00e4\u00e4ti\u00f6\",\"url\":\"https:\\\/\\\/uudenlastensairaalantuki.fi\\\/sv\\\/\",\"logo\":{\"@type\":\"ImageObject\",\"inLanguage\":\"sv-SE\",\"@id\":\"https:\\\/\\\/uudenlastensairaalantuki.fi\\\/sv\\\/#\\\/schema\\\/logo\\\/image\\\/\",\"url\":\"https:\\\/\\\/uudenlastensairaalantuki.fi\\\/wp\\\/wp-content\\\/uploads\\\/2024\\\/04\\\/ults-logo-pinkki.png\",\"contentUrl\":\"https:\\\/\\\/uudenlastensairaalantuki.fi\\\/wp\\\/wp-content\\\/uploads\\\/2024\\\/04\\\/ults-logo-pinkki.png\",\"width\":916,\"height\":400,\"caption\":\"Uuden Lastensairaalan Tukis\u00e4\u00e4ti\u00f6\"},\"image\":{\"@id\":\"https:\\\/\\\/uudenlastensairaalantuki.fi\\\/sv\\\/#\\\/schema\\\/logo\\\/image\\\/\"}}]}<\/script>\n<!-- \/ Yoast SEO plugin. -->","yoast_head_json":{"title":"Innovationer - Uuden Lastensairaalan Tukis\u00e4\u00e4ti\u00f6","robots":{"index":"index","follow":"follow","max-snippet":"max-snippet:-1","max-image-preview":"max-image-preview:large","max-video-preview":"max-video-preview:-1"},"canonical":"https:\/\/uudenlastensairaalantuki.fi\/sv\/innovationer\/","og_locale":"sv_SE","og_type":"article","og_title":"Innovationer - Uuden Lastensairaalan Tukis\u00e4\u00e4ti\u00f6","og_description":"Innovaatiot","og_url":"https:\/\/uudenlastensairaalantuki.fi\/sv\/innovationer\/","og_site_name":"Uuden Lastensairaalan Tukis\u00e4\u00e4ti\u00f6","article_modified_time":"2026-04-17T12:45:54+00:00","og_image":[{"url":"https:\/\/uudenlastensairaalantuki.fi\/wp\/wp-content\/plugins\/bb-plugin\/img\/pixel.png","type":"","width":"","height":""}],"twitter_card":"summary_large_image","schema":{"@context":"https:\/\/schema.org","@graph":[{"@type":"WebPage","@id":"https:\/\/uudenlastensairaalantuki.fi\/sv\/innovationer\/","url":"https:\/\/uudenlastensairaalantuki.fi\/sv\/innovationer\/","name":"Innovationer - Uuden Lastensairaalan Tukis\u00e4\u00e4ti\u00f6","isPartOf":{"@id":"https:\/\/uudenlastensairaalantuki.fi\/sv\/#website"},"primaryImageOfPage":{"@id":"https:\/\/uudenlastensairaalantuki.fi\/sv\/innovationer\/#primaryimage"},"image":{"@id":"https:\/\/uudenlastensairaalantuki.fi\/sv\/innovationer\/#primaryimage"},"thumbnailUrl":"https:\/\/uudenlastensairaalantuki.fi\/wp\/wp-content\/plugins\/bb-plugin\/img\/pixel.png","datePublished":"2025-08-25T13:46:55+00:00","dateModified":"2026-04-17T12:45:54+00:00","breadcrumb":{"@id":"https:\/\/uudenlastensairaalantuki.fi\/sv\/innovationer\/#breadcrumb"},"inLanguage":"sv-SE","potentialAction":[{"@type":"ReadAction","target":["https:\/\/uudenlastensairaalantuki.fi\/sv\/innovationer\/"]}]},{"@type":"ImageObject","inLanguage":"sv-SE","@id":"https:\/\/uudenlastensairaalantuki.fi\/sv\/innovationer\/#primaryimage","url":"https:\/\/uudenlastensairaalantuki.fi\/wp\/wp-content\/plugins\/bb-plugin\/img\/pixel.png","contentUrl":"https:\/\/uudenlastensairaalantuki.fi\/wp\/wp-content\/plugins\/bb-plugin\/img\/pixel.png"},{"@type":"BreadcrumbList","@id":"https:\/\/uudenlastensairaalantuki.fi\/sv\/innovationer\/#breadcrumb","itemListElement":[{"@type":"ListItem","position":1,"name":"Etusivu","item":"https:\/\/uudenlastensairaalantuki.fi\/sv\/"},{"@type":"ListItem","position":2,"name":"Innovationer"}]},{"@type":"WebSite","@id":"https:\/\/uudenlastensairaalantuki.fi\/sv\/#website","url":"https:\/\/uudenlastensairaalantuki.fi\/sv\/","name":"Uuden Lastensairaalan Tukis\u00e4\u00e4ti\u00f6","description":"Uusi lastensairaala on koko Suomen hanke. Tukis\u00e4\u00e4ti\u00f6 kehitt\u00e4\u00e4 sairaalaa ja sen toimintaa, jotta lapsipotilaat saavat parasta mahdollista hoitoa.","publisher":{"@id":"https:\/\/uudenlastensairaalantuki.fi\/sv\/#organization"},"potentialAction":[{"@type":"SearchAction","target":{"@type":"EntryPoint","urlTemplate":"https:\/\/uudenlastensairaalantuki.fi\/sv\/?s={search_term_string}"},"query-input":{"@type":"PropertyValueSpecification","valueRequired":true,"valueName":"search_term_string"}}],"inLanguage":"sv-SE"},{"@type":"Organization","@id":"https:\/\/uudenlastensairaalantuki.fi\/sv\/#organization","name":"Uuden Lastensairaalan Tukis\u00e4\u00e4ti\u00f6","url":"https:\/\/uudenlastensairaalantuki.fi\/sv\/","logo":{"@type":"ImageObject","inLanguage":"sv-SE","@id":"https:\/\/uudenlastensairaalantuki.fi\/sv\/#\/schema\/logo\/image\/","url":"https:\/\/uudenlastensairaalantuki.fi\/wp\/wp-content\/uploads\/2024\/04\/ults-logo-pinkki.png","contentUrl":"https:\/\/uudenlastensairaalantuki.fi\/wp\/wp-content\/uploads\/2024\/04\/ults-logo-pinkki.png","width":916,"height":400,"caption":"Uuden Lastensairaalan Tukis\u00e4\u00e4ti\u00f6"},"image":{"@id":"https:\/\/uudenlastensairaalantuki.fi\/sv\/#\/schema\/logo\/image\/"}}]}},"_links":{"self":[{"href":"https:\/\/uudenlastensairaalantuki.fi\/sv\/wp-json\/wp\/v2\/pages\/2351","targetHints":{"allow":["GET"]}}],"collection":[{"href":"https:\/\/uudenlastensairaalantuki.fi\/sv\/wp-json\/wp\/v2\/pages"}],"about":[{"href":"https:\/\/uudenlastensairaalantuki.fi\/sv\/wp-json\/wp\/v2\/types\/page"}],"author":[{"embeddable":true,"href":"https:\/\/uudenlastensairaalantuki.fi\/sv\/wp-json\/wp\/v2\/users\/4"}],"replies":[{"embeddable":true,"href":"https:\/\/uudenlastensairaalantuki.fi\/sv\/wp-json\/wp\/v2\/comments?post=2351"}],"version-history":[{"count":3,"href":"https:\/\/uudenlastensairaalantuki.fi\/sv\/wp-json\/wp\/v2\/pages\/2351\/revisions"}],"predecessor-version":[{"id":2790,"href":"https:\/\/uudenlastensairaalantuki.fi\/sv\/wp-json\/wp\/v2\/pages\/2351\/revisions\/2790"}],"wp:attachment":[{"href":"https:\/\/uudenlastensairaalantuki.fi\/sv\/wp-json\/wp\/v2\/media?parent=2351"}],"curies":[{"name":"wp","href":"https:\/\/api.w.org\/{rel}","templated":true}]}}