{"id":1779,"date":"2024-05-10T16:29:03","date_gmt":"2024-05-10T13:29:03","guid":{"rendered":"https:\/\/uudenlastensairaalantuki.fi\/stiftelsen\/"},"modified":"2025-12-08T12:18:32","modified_gmt":"2025-12-08T10:18:32","slug":"stiftelsen","status":"publish","type":"page","link":"https:\/\/uudenlastensairaalantuki.fi\/sv\/stiftelsen\/","title":{"rendered":"Stiftelsen"},"content":{"rendered":"\n\n\t\t<h1>Om stiftelsen<\/h1><header>\n<p>Stiftelsen f\u00f6r Nya Barnsjukhusets St\u00f6d bygger det b\u00e4sta barnsjukhuset i v\u00e4rlden. Stiftelsen grundades 2013 och f\u00f6ddes ur ett initiativ att ers\u00e4tta det f\u00f6r\u00e5ldrade barnsjukhuset med ett nytt. Startkapitalet till det Nya Barnsjukhuset samlades in genom en extraordin\u00e4r medborgarinsamling, vilket gjorde det m\u00f6jligt att snabbt p\u00e5b\u00f6rja byggandet av det moderna sjukhuset. Stiftelsens startkapital donerades av <a href=\"https:\/\/www.kulturfonden.fi\/\">Svenska kulturfonden<\/a> och <a href=\"https:\/\/bmr.fi\/stadgar\/\">Brita Maria Renlunds minnesfond<\/a>.<\/p>\n<p>Idag utvecklar stiftelsen sjukhusbyggnaden och verksamheten innanf\u00f6r dess v\u00e4ggar, s\u00e5 att barnpatienter som bor i Finland ska f\u00e5 b\u00e4sta m\u00f6jliga v\u00e5rd nu och i framtiden.<\/p>\n<p>St\u00f6dstiftelsen f\u00f6r Nya barnsjukhuset \u00e4r en av de viktigaste samarbetspartnerna f\u00f6r HUS Nya barnsjukhus, f\u00f6rutom Lastenklinikoiden Kummit, HelsingforsMission, Sjukhusclowner och Ronald McDonald Lastentalos\u00e4\u00e4ti\u00f6. Tillsammans fr\u00e4mjar vi familjens \u00f6vergripande v\u00e4lbefinnande n\u00e4r ett barn blir sjukt.<\/p>\n<p>\u00a0<\/p>\n<\/header>\n<h2>\n\t\t\tStiftelsens uppgifter\t<\/h2>\n<ol>\t<li>\n\t\t\t<aside> <p> Tillsammans med HUS och det bredare n\u00e4tverket utvecklar vi v\u00e4rldens b\u00e4sta barnsjukhus. Stiftelsen \u00e4ger sjukhusfastigheten och hyr ut den till HUS. Hyran t\u00e4cker kostnaderna f\u00f6r att sk\u00f6ta l\u00e5net, men stiftelsen f\u00e5r ingen avkastning p\u00e5 kapitalet. <\/p><\/aside>\t\t\n\t<\/li>\n\t\t<li>\n\t\t\t<aside> <p>Genom v\u00e5ra donationer st\u00f6der vi forskning om barnsjukdomar, utveckling av pediatrisk sm\u00e4rtlindring och specialistv\u00e5rd samt projekt som fr\u00e4mjar barns och familjers v\u00e4lbefinnande p\u00e5 sjukhus.<\/p><\/aside>\t\t\n\t<\/li>\n\t\t<li>\n\t\t\t<aside> <p>Vi deltar aktivt i samh\u00e4llsdebatten om utvecklingen av behandlings- och forskningsmetoder f\u00f6r barnsjukdomar.<\/p><\/aside>\t\t\n\t<\/li>\n\t<\/ol><h2>\n\t\t\tL\u00e4s mer om p\u00e5g\u00e5ende projekt\t<\/h2>\n\t\t\t\t<a href=\"https:\/\/uudenlastensairaalantuki.fi\/sv\/stipendier-for-utveckling-av-vard-for-hjartsjuka-barn\/\"  target=\"_self\" itemprop=\"url\">\n\t\t\t\t<img decoding=\"async\" src=\"https:\/\/uudenlastensairaalantuki.fi\/wp\/wp-content\/uploads\/2024\/06\/ULT_sydanlapset_v01.png\" alt=\"Syd\u00e4nlapset\" itemprop=\"image\" height=\"4321\" width=\"7681\" title=\"Syd\u00e4nlapset\" onerror=\"this.style.display='none'\" loading=\"lazy\" \/>\n\t\t\t\t<\/a>\n<h3><a href=\"https:\/\/uudenlastensairaalantuki.fi\/sv\/stipendier-for-utveckling-av-vard-for-hjartsjuka-barn\/\" target=\"_self\">Hj\u00e4rth\u00e4lsa f\u00f6r sm\u00e5 patienter<\/a><\/h3>\n\t\t\t<a href=\"https:\/\/uudenlastensairaalantuki.fi\/sv\/stipendier-for-utveckling-av-vard-for-hjartsjuka-barn\/\" target=\"_self\">\n\t\t\t\t\t\t\tL\u00e4s mer\n\t\t\t\t\t<\/a>\n\t\t\t\t<a href=\"https:\/\/uudenlastensairaalantuki.fi\/sv\/med-en-donation-konstterapi-for-alla-barnpatienter\/\"  target=\"_self\" itemprop=\"url\">\n\t\t\t\t<img decoding=\"async\" src=\"https:\/\/uudenlastensairaalantuki.fi\/wp\/wp-content\/uploads\/2024\/06\/ULT_taideterapia.png\" alt=\"Taideterapia\" itemprop=\"image\" height=\"4321\" width=\"7681\" title=\"Taideterapia\" onerror=\"this.style.display='none'\" loading=\"lazy\" \/>\n\t\t\t\t<\/a>\n<h3><a href=\"https:\/\/uudenlastensairaalantuki.fi\/sv\/med-en-donation-konstterapi-for-alla-barnpatienter\/\" target=\"_self\">Konstterapi f\u00f6r att lindra sm\u00e4rta<\/a><\/h3>\n\t\t\t<a href=\"https:\/\/uudenlastensairaalantuki.fi\/sv\/med-en-donation-konstterapi-for-alla-barnpatienter\/\" target=\"_self\">\n\t\t\t\t\t\t\tL\u00e4s mer\n\t\t\t\t\t<\/a>\n\t\t\t\t<a href=\"https:\/\/uudenlastensairaalantuki.fi\/sv\/uuden-lastensairaalaan-tutkimusyksikko-etsii-datasta-tehokkaita-hoitomuotoja-pienille-potilaille-3\/\"  target=\"_self\" itemprop=\"url\">\n\t\t\t\t<img decoding=\"async\" src=\"https:\/\/uudenlastensairaalantuki.fi\/wp\/wp-content\/uploads\/2024\/06\/ULT_data.png\" alt=\"Data\" itemprop=\"image\" height=\"4321\" width=\"7681\" onerror=\"this.style.display='none'\" loading=\"lazy\" \/>\n\t\t\t\t<\/a>\n<h3><a href=\"https:\/\/uudenlastensairaalantuki.fi\/sv\/uuden-lastensairaalaan-tutkimusyksikko-etsii-datasta-tehokkaita-hoitomuotoja-pienille-potilaille-3\/\" target=\"_self\">Nya behandlingar med hj\u00e4lp av data<\/a><\/h3>\n\t\t\t<a href=\"https:\/\/uudenlastensairaalantuki.fi\/sv\/uuden-lastensairaalaan-tutkimusyksikko-etsii-datasta-tehokkaita-hoitomuotoja-pienille-potilaille-3\/\" target=\"_self\">\n\t\t\t\t\t\t\tL\u00e4s mer\n\t\t\t\t\t<\/a>\n\t\t\t\t<img decoding=\"async\" src=\"https:\/\/uudenlastensairaalantuki.fi\/wp\/wp-content\/uploads\/2024\/04\/20240318_Lastensairaalan_tukisaatio_Keranen_Stahl_Hakomaki-19.jpg\" alt=\"20240318_Lastensairaalan_tukis\u00e4\u00e4ti\u00f6_Ker\u00e4nen_St\u00e5hl_Hakom\u00e4ki-19\" itemprop=\"image\" height=\"1261\" width=\"1920\" title=\"20240318_Lastensairaalan_tukis\u00e4\u00e4ti\u00f6_Ker\u00e4nen_St\u00e5hl_Hakom\u00e4ki-19\" onerror=\"this.style.display='none'\" loading=\"lazy\" \/>\n\t<h2>De v\u00e4rderingar som styr stiftelsens arbete<\/h2>\n<p>Tillsammans f\u00f6r varje barn.<\/p>\n<p>Stiftelsen f\u00f6r Nya Barnsjukhusets St\u00f6d styrs av <a href=\"https:\/\/www.lapsenoikeudet.fi\/lapsen-oikeuksien-sopimus\/\">FN:s konvention om barnets r\u00e4ttigheter<\/a> De allm\u00e4nna principerna i konventionen g\u00e4ller f\u00f6r stiftelsens hela verksamhet. Dessa allm\u00e4nna principer omfattar f\u00f6rbud diskriminering (artikel 2), barnets b\u00e4sta (artikel 3.1), barnets r\u00e4tt till liv, \u00f6verlevnad och utveckling (artikel 6) samt barnets r\u00e4tt att f\u00e5 sina \u00e5sikter beaktade (artikel 12).<\/p>\n<p>Stiftelsen f\u00f6r Nya Barnsjukhusets St\u00f6d f\u00f6ljer <a href=\"https:\/\/saatiotrahastot.fi\/resource\/hyva-saatiotapa\/\">god stiftelsepraxis <\/a>i sin verksamhet. I enlighet med god stiftelsepraxis agerar vi enbart f\u00f6r det allm\u00e4nnas b\u00e4sta. Stiftelsen genererar inga ekonomiska f\u00f6rdelar till sina medlemmar.<\/p>\n\t\t\t\t<img decoding=\"async\" src=\"https:\/\/uudenlastensairaalantuki.fi\/wp\/wp-content\/uploads\/2024\/04\/20240318_Lastensairaalan_tukisaatio_Keranen_Stahl_Hakomaki-9.jpg\" alt=\"20240318_Lastensairaalan_tukis\u00e4\u00e4ti\u00f6_Ker\u00e4nen_St\u00e5hl_Hakom\u00e4ki-9\" itemprop=\"image\" height=\"1280\" width=\"1920\" title=\"20240318_Lastensairaalan_tukis\u00e4\u00e4ti\u00f6_Ker\u00e4nen_St\u00e5hl_Hakom\u00e4ki-9\" onerror=\"this.style.display='none'\" loading=\"lazy\" \/>\n\t<h2>Kvalitetsv\u00e5rd f\u00f6r barn och unga med donerade medel<\/h2>\n<p>Den icke-vinstdrivande stiftelsen drivs med donerade medel. Vi tar emot testamenten och donationer fr\u00e5n s\u00e5v\u00e4l privatpersoner som f\u00f6retag. Tyv\u00e4rr kan vi inte ta emot varudonationer fr\u00e5n privatpersoner. F\u00f6r mer information, <a href=\"https:\/\/uudenlastensairaalantuki.fi\/sv\/donera\/\">v\u00e4nligen bes\u00f6k v\u00e5r donationssida<\/a>.<\/p>\n\t\t\t<a href=\"https:\/\/uudenlastensairaalantuki.fi\/sv\/donera\/\" target=\"_self\">\n\t\t\t\t\t\t\tDonera till barn och unga\n\t\t\t\t\t<\/a>\n\t<p>En donator kan ge en g\u00e5va p\u00e5 mer \u00e4n 100 000 euro till Stiftelsen f\u00f6r Nya Barnsjukhusets St\u00f6d i sitt testamente eller g\u00e5vobrev genom att avs\u00e4tta tillg\u00e5ngarna till en av stiftelsens fonder och uppr\u00e4tta en namngiven fond under denna fond. Anvisningar f\u00f6r st\u00f6rre donationer och testamentsdonationer <a href=\"https:\/\/docs.google.com\/document\/d\/18fZKIS6euyTa6H9bLH6pLPMqYeJ4aipd\/edit?usp=sharing&amp;ouid=117484054496432770830&amp;rtpof=true&amp;sd=true\">finns h\u00e4r<\/a>.<\/p>\n<p>Stiftelsen \u00e4r medlem i <a href=\"https:\/\/www.vala.fi\/\">Vastuullinen Lahjoittaminen ry<\/a>. VaLa fr\u00e4mjar principerna f\u00f6r god f\u00f6rvaltningssed och god medelanskaffning i det finl\u00e4ndska samh\u00e4llet och bist\u00e5r sina medlemsorganisationer med att l\u00e4ra sig tillsammans som en del av ett internationellt n\u00e4tverk.<\/p>\n\t\t\t\t<a href=\"https:\/\/www.vala.fi\"  target=\"_blank\" rel=\"noopener\"  itemprop=\"url\">\n\t\t\t\t<img decoding=\"async\" src=\"https:\/\/uudenlastensairaalantuki.fi\/wp\/wp-content\/uploads\/2024\/06\/VaLanjsenpng__msi___png.png\" alt=\"Vastuullinen lahjoittaminen\" itemprop=\"image\" height=\"333\" width=\"774\" title=\"Vastuullinen lahjoittaminen\" onerror=\"this.style.display='none'\" loading=\"lazy\" \/>\n\t\t\t\t<\/a>\n\t\t\t\t<img decoding=\"async\" src=\"https:\/\/uudenlastensairaalantuki.fi\/wp\/wp-content\/uploads\/2024\/04\/20240318_Lastensairaalan_tukisaatio_Keranen_Stahl_Hakomaki-17.jpg\" alt=\"20240318_Lastensairaalan_tukis\u00e4\u00e4ti\u00f6_Ker\u00e4nen_St\u00e5hl_Hakom\u00e4ki-17\" itemprop=\"image\" height=\"1280\" width=\"1920\" title=\"20240318_Lastensairaalan_tukis\u00e4\u00e4ti\u00f6_Ker\u00e4nen_St\u00e5hl_Hakom\u00e4ki-17\" onerror=\"this.style.display='none'\" loading=\"lazy\" \/>\n\t<h2>Stiftelsens f\u00f6rvaltning och stadgar<\/h2>\n<p>Stiftelsen \u00e4r en oberoende, icke vinstdrivande akt\u00f6r inom den tredje sektorn som styrs av sina egna stadgar. Stiftelsen verkar i enlighet med principerna <a href=\"https:\/\/saatiotrahastot.fi\/resource\/hyva-saatiotapa\/\">f\u00f6r god stiftelsepraxis<\/a>. Styrelsen, som v\u00e4ljs av \u00e5rsst\u00e4mman, fattar besluten r\u00f6rande Stiftelsen Nya Barnsjukhusets St\u00f6d. Styrelsen best\u00e5r av sex ledam\u00f6ter och Stiftelsens r\u00e5dgivande Kommitt\u00e9 best\u00e5r av nio ledam\u00f6ter. S\u00e5v\u00e4l styrelsen som kommitt\u00e9n best\u00e5r av ledam\u00f6ter som har en m\u00e5ngfald olika professionella bakgrunder. Stiftelsens operativa verksamhet leds av ombudet Jouni Lounasmaa. Stiftelsens stadgar finns <a href=\"https:\/\/uudenlastensairaalantuki.fi\/saatio\/saannot\/\">h\u00e4r<\/a>. Styrelsens och delegationens <a href=\"https:\/\/uudenlastensairaalantuki.fi\/sv\/stiftelsen\/aktorer\/\">sammans\u00e4ttning kan ses h\u00e4r<\/a>.<\/p>\n\t\t\t\t<img decoding=\"async\" src=\"https:\/\/uudenlastensairaalantuki.fi\/wp\/wp-content\/uploads\/2024\/04\/20240302_Lastensairaalan_tukisaatio_Uusi_lastensairaala-10.jpg\" alt=\"20240302_Lastensairaalan_tukis\u00e4\u00e4ti\u00f6_Uusi_lastensairaala-10\" itemprop=\"image\" height=\"1280\" width=\"1920\" title=\"20240302_Lastensairaalan_tukis\u00e4\u00e4ti\u00f6_Uusi_lastensairaala-10\" onerror=\"this.style.display='none'\" loading=\"lazy\" \/>\n\n","protected":false},"excerpt":{"rendered":"<p>Om stiftelsen Stiftelsen f\u00f6r Nya Barnsjukhusets St\u00f6d bygger det b\u00e4sta barnsjukhuset i v\u00e4rlden. Stiftelsen grundades 2013 och f\u00f6ddes ur ett initiativ att ers\u00e4tta det f\u00f6r\u00e5ldrade barnsjukhuset med ett nytt. Startkapitalet till det Nya Barnsjukhuset samlades in genom en extraordin\u00e4r medborgarinsamling, vilket gjorde det m\u00f6jligt att snabbt p\u00e5b\u00f6rja byggandet av det moderna sjukhuset. Stiftelsens startkapital donerades&hellip;<\/p>\n","protected":false},"author":1,"featured_media":0,"parent":0,"menu_order":0,"comment_status":"closed","ping_status":"closed","template":"","meta":{"_acf_changed":false,"footnotes":""},"class_list":["post-1779","page","type-page","status-publish","hentry"],"acf":[],"yoast_head":"<!-- This site is optimized with the Yoast SEO plugin v27.6 - https:\/\/yoast.com\/product\/yoast-seo-wordpress\/ -->\n<title>Stiftelsen - Uuden Lastensairaalan Tukis\u00e4\u00e4ti\u00f6<\/title>\n<meta name=\"robots\" content=\"index, follow, max-snippet:-1, max-image-preview:large, max-video-preview:-1\" \/>\n<link rel=\"canonical\" href=\"https:\/\/uudenlastensairaalantuki.fi\/sv\/stiftelsen\/\" \/>\n<meta property=\"og:locale\" content=\"sv_SE\" \/>\n<meta property=\"og:type\" content=\"article\" \/>\n<meta property=\"og:title\" content=\"Stiftelsen - Uuden Lastensairaalan Tukis\u00e4\u00e4ti\u00f6\" \/>\n<meta property=\"og:description\" content=\"Om stiftelsen Stiftelsen f\u00f6r Nya Barnsjukhusets St\u00f6d bygger det b\u00e4sta barnsjukhuset i v\u00e4rlden. Stiftelsen grundades 2013 och f\u00f6ddes ur ett initiativ att ers\u00e4tta det f\u00f6r\u00e5ldrade barnsjukhuset med ett nytt. Startkapitalet till det Nya Barnsjukhuset samlades in genom en extraordin\u00e4r medborgarinsamling, vilket gjorde det m\u00f6jligt att snabbt p\u00e5b\u00f6rja byggandet av det moderna sjukhuset. Stiftelsens startkapital donerades&hellip;\" \/>\n<meta property=\"og:url\" content=\"https:\/\/uudenlastensairaalantuki.fi\/sv\/stiftelsen\/\" \/>\n<meta property=\"og:site_name\" content=\"Uuden Lastensairaalan Tukis\u00e4\u00e4ti\u00f6\" \/>\n<meta property=\"article:modified_time\" content=\"2025-12-08T10:18:32+00:00\" \/>\n<meta property=\"og:image\" content=\"https:\/\/uudenlastensairaalantuki.fi\/wp\/wp-content\/uploads\/2024\/06\/ULT_sydanlapset_v01.png\" \/>\n<meta name=\"twitter:card\" content=\"summary_large_image\" \/>\n<meta name=\"twitter:label1\" content=\"Est. reading time\" \/>\n\t<meta name=\"twitter:data1\" content=\"3 minutes\" \/>\n<script type=\"application\/ld+json\" class=\"yoast-schema-graph\">{\"@context\":\"https:\\\/\\\/schema.org\",\"@graph\":[{\"@type\":\"WebPage\",\"@id\":\"https:\\\/\\\/uudenlastensairaalantuki.fi\\\/sv\\\/stiftelsen\\\/\",\"url\":\"https:\\\/\\\/uudenlastensairaalantuki.fi\\\/sv\\\/stiftelsen\\\/\",\"name\":\"Stiftelsen - Uuden Lastensairaalan Tukis\u00e4\u00e4ti\u00f6\",\"isPartOf\":{\"@id\":\"https:\\\/\\\/uudenlastensairaalantuki.fi\\\/sv\\\/#website\"},\"primaryImageOfPage\":{\"@id\":\"https:\\\/\\\/uudenlastensairaalantuki.fi\\\/sv\\\/stiftelsen\\\/#primaryimage\"},\"image\":{\"@id\":\"https:\\\/\\\/uudenlastensairaalantuki.fi\\\/sv\\\/stiftelsen\\\/#primaryimage\"},\"thumbnailUrl\":\"https:\\\/\\\/uudenlastensairaalantuki.fi\\\/wp\\\/wp-content\\\/uploads\\\/2024\\\/06\\\/ULT_sydanlapset_v01.png\",\"datePublished\":\"2024-05-10T13:29:03+00:00\",\"dateModified\":\"2025-12-08T10:18:32+00:00\",\"breadcrumb\":{\"@id\":\"https:\\\/\\\/uudenlastensairaalantuki.fi\\\/sv\\\/stiftelsen\\\/#breadcrumb\"},\"inLanguage\":\"sv-SE\",\"potentialAction\":[{\"@type\":\"ReadAction\",\"target\":[\"https:\\\/\\\/uudenlastensairaalantuki.fi\\\/sv\\\/stiftelsen\\\/\"]}]},{\"@type\":\"ImageObject\",\"inLanguage\":\"sv-SE\",\"@id\":\"https:\\\/\\\/uudenlastensairaalantuki.fi\\\/sv\\\/stiftelsen\\\/#primaryimage\",\"url\":\"https:\\\/\\\/uudenlastensairaalantuki.fi\\\/wp\\\/wp-content\\\/uploads\\\/2024\\\/06\\\/ULT_sydanlapset_v01.png\",\"contentUrl\":\"https:\\\/\\\/uudenlastensairaalantuki.fi\\\/wp\\\/wp-content\\\/uploads\\\/2024\\\/06\\\/ULT_sydanlapset_v01.png\"},{\"@type\":\"BreadcrumbList\",\"@id\":\"https:\\\/\\\/uudenlastensairaalantuki.fi\\\/sv\\\/stiftelsen\\\/#breadcrumb\",\"itemListElement\":[{\"@type\":\"ListItem\",\"position\":1,\"name\":\"Etusivu\",\"item\":\"https:\\\/\\\/uudenlastensairaalantuki.fi\\\/sv\\\/\"},{\"@type\":\"ListItem\",\"position\":2,\"name\":\"Stiftelsen\"}]},{\"@type\":\"WebSite\",\"@id\":\"https:\\\/\\\/uudenlastensairaalantuki.fi\\\/sv\\\/#website\",\"url\":\"https:\\\/\\\/uudenlastensairaalantuki.fi\\\/sv\\\/\",\"name\":\"Uuden Lastensairaalan Tukis\u00e4\u00e4ti\u00f6\",\"description\":\"Uusi lastensairaala on koko Suomen hanke. Tukis\u00e4\u00e4ti\u00f6 kehitt\u00e4\u00e4 sairaalaa ja sen toimintaa, jotta lapsipotilaat saavat parasta mahdollista hoitoa.\",\"publisher\":{\"@id\":\"https:\\\/\\\/uudenlastensairaalantuki.fi\\\/sv\\\/#organization\"},\"potentialAction\":[{\"@type\":\"SearchAction\",\"target\":{\"@type\":\"EntryPoint\",\"urlTemplate\":\"https:\\\/\\\/uudenlastensairaalantuki.fi\\\/sv\\\/?s={search_term_string}\"},\"query-input\":{\"@type\":\"PropertyValueSpecification\",\"valueRequired\":true,\"valueName\":\"search_term_string\"}}],\"inLanguage\":\"sv-SE\"},{\"@type\":\"Organization\",\"@id\":\"https:\\\/\\\/uudenlastensairaalantuki.fi\\\/sv\\\/#organization\",\"name\":\"Uuden Lastensairaalan Tukis\u00e4\u00e4ti\u00f6\",\"url\":\"https:\\\/\\\/uudenlastensairaalantuki.fi\\\/sv\\\/\",\"logo\":{\"@type\":\"ImageObject\",\"inLanguage\":\"sv-SE\",\"@id\":\"https:\\\/\\\/uudenlastensairaalantuki.fi\\\/sv\\\/#\\\/schema\\\/logo\\\/image\\\/\",\"url\":\"https:\\\/\\\/uudenlastensairaalantuki.fi\\\/wp\\\/wp-content\\\/uploads\\\/2024\\\/04\\\/ults-logo-pinkki.png\",\"contentUrl\":\"https:\\\/\\\/uudenlastensairaalantuki.fi\\\/wp\\\/wp-content\\\/uploads\\\/2024\\\/04\\\/ults-logo-pinkki.png\",\"width\":916,\"height\":400,\"caption\":\"Uuden Lastensairaalan Tukis\u00e4\u00e4ti\u00f6\"},\"image\":{\"@id\":\"https:\\\/\\\/uudenlastensairaalantuki.fi\\\/sv\\\/#\\\/schema\\\/logo\\\/image\\\/\"}}]}<\/script>\n<!-- \/ Yoast SEO plugin. -->","yoast_head_json":{"title":"Stiftelsen - Uuden Lastensairaalan Tukis\u00e4\u00e4ti\u00f6","robots":{"index":"index","follow":"follow","max-snippet":"max-snippet:-1","max-image-preview":"max-image-preview:large","max-video-preview":"max-video-preview:-1"},"canonical":"https:\/\/uudenlastensairaalantuki.fi\/sv\/stiftelsen\/","og_locale":"sv_SE","og_type":"article","og_title":"Stiftelsen - Uuden Lastensairaalan Tukis\u00e4\u00e4ti\u00f6","og_description":"Om stiftelsen Stiftelsen f\u00f6r Nya Barnsjukhusets St\u00f6d bygger det b\u00e4sta barnsjukhuset i v\u00e4rlden. Stiftelsen grundades 2013 och f\u00f6ddes ur ett initiativ att ers\u00e4tta det f\u00f6r\u00e5ldrade barnsjukhuset med ett nytt. Startkapitalet till det Nya Barnsjukhuset samlades in genom en extraordin\u00e4r medborgarinsamling, vilket gjorde det m\u00f6jligt att snabbt p\u00e5b\u00f6rja byggandet av det moderna sjukhuset. Stiftelsens startkapital donerades&hellip;","og_url":"https:\/\/uudenlastensairaalantuki.fi\/sv\/stiftelsen\/","og_site_name":"Uuden Lastensairaalan Tukis\u00e4\u00e4ti\u00f6","article_modified_time":"2025-12-08T10:18:32+00:00","og_image":[{"url":"https:\/\/uudenlastensairaalantuki.fi\/wp\/wp-content\/uploads\/2024\/06\/ULT_sydanlapset_v01.png","type":"","width":"","height":""}],"twitter_card":"summary_large_image","twitter_misc":{"Est. reading time":"3 minutes"},"schema":{"@context":"https:\/\/schema.org","@graph":[{"@type":"WebPage","@id":"https:\/\/uudenlastensairaalantuki.fi\/sv\/stiftelsen\/","url":"https:\/\/uudenlastensairaalantuki.fi\/sv\/stiftelsen\/","name":"Stiftelsen - Uuden Lastensairaalan Tukis\u00e4\u00e4ti\u00f6","isPartOf":{"@id":"https:\/\/uudenlastensairaalantuki.fi\/sv\/#website"},"primaryImageOfPage":{"@id":"https:\/\/uudenlastensairaalantuki.fi\/sv\/stiftelsen\/#primaryimage"},"image":{"@id":"https:\/\/uudenlastensairaalantuki.fi\/sv\/stiftelsen\/#primaryimage"},"thumbnailUrl":"https:\/\/uudenlastensairaalantuki.fi\/wp\/wp-content\/uploads\/2024\/06\/ULT_sydanlapset_v01.png","datePublished":"2024-05-10T13:29:03+00:00","dateModified":"2025-12-08T10:18:32+00:00","breadcrumb":{"@id":"https:\/\/uudenlastensairaalantuki.fi\/sv\/stiftelsen\/#breadcrumb"},"inLanguage":"sv-SE","potentialAction":[{"@type":"ReadAction","target":["https:\/\/uudenlastensairaalantuki.fi\/sv\/stiftelsen\/"]}]},{"@type":"ImageObject","inLanguage":"sv-SE","@id":"https:\/\/uudenlastensairaalantuki.fi\/sv\/stiftelsen\/#primaryimage","url":"https:\/\/uudenlastensairaalantuki.fi\/wp\/wp-content\/uploads\/2024\/06\/ULT_sydanlapset_v01.png","contentUrl":"https:\/\/uudenlastensairaalantuki.fi\/wp\/wp-content\/uploads\/2024\/06\/ULT_sydanlapset_v01.png"},{"@type":"BreadcrumbList","@id":"https:\/\/uudenlastensairaalantuki.fi\/sv\/stiftelsen\/#breadcrumb","itemListElement":[{"@type":"ListItem","position":1,"name":"Etusivu","item":"https:\/\/uudenlastensairaalantuki.fi\/sv\/"},{"@type":"ListItem","position":2,"name":"Stiftelsen"}]},{"@type":"WebSite","@id":"https:\/\/uudenlastensairaalantuki.fi\/sv\/#website","url":"https:\/\/uudenlastensairaalantuki.fi\/sv\/","name":"Uuden Lastensairaalan Tukis\u00e4\u00e4ti\u00f6","description":"Uusi lastensairaala on koko Suomen hanke. Tukis\u00e4\u00e4ti\u00f6 kehitt\u00e4\u00e4 sairaalaa ja sen toimintaa, jotta lapsipotilaat saavat parasta mahdollista hoitoa.","publisher":{"@id":"https:\/\/uudenlastensairaalantuki.fi\/sv\/#organization"},"potentialAction":[{"@type":"SearchAction","target":{"@type":"EntryPoint","urlTemplate":"https:\/\/uudenlastensairaalantuki.fi\/sv\/?s={search_term_string}"},"query-input":{"@type":"PropertyValueSpecification","valueRequired":true,"valueName":"search_term_string"}}],"inLanguage":"sv-SE"},{"@type":"Organization","@id":"https:\/\/uudenlastensairaalantuki.fi\/sv\/#organization","name":"Uuden Lastensairaalan Tukis\u00e4\u00e4ti\u00f6","url":"https:\/\/uudenlastensairaalantuki.fi\/sv\/","logo":{"@type":"ImageObject","inLanguage":"sv-SE","@id":"https:\/\/uudenlastensairaalantuki.fi\/sv\/#\/schema\/logo\/image\/","url":"https:\/\/uudenlastensairaalantuki.fi\/wp\/wp-content\/uploads\/2024\/04\/ults-logo-pinkki.png","contentUrl":"https:\/\/uudenlastensairaalantuki.fi\/wp\/wp-content\/uploads\/2024\/04\/ults-logo-pinkki.png","width":916,"height":400,"caption":"Uuden Lastensairaalan Tukis\u00e4\u00e4ti\u00f6"},"image":{"@id":"https:\/\/uudenlastensairaalantuki.fi\/sv\/#\/schema\/logo\/image\/"}}]}},"_links":{"self":[{"href":"https:\/\/uudenlastensairaalantuki.fi\/sv\/wp-json\/wp\/v2\/pages\/1779","targetHints":{"allow":["GET"]}}],"collection":[{"href":"https:\/\/uudenlastensairaalantuki.fi\/sv\/wp-json\/wp\/v2\/pages"}],"about":[{"href":"https:\/\/uudenlastensairaalantuki.fi\/sv\/wp-json\/wp\/v2\/types\/page"}],"author":[{"embeddable":true,"href":"https:\/\/uudenlastensairaalantuki.fi\/sv\/wp-json\/wp\/v2\/users\/1"}],"replies":[{"embeddable":true,"href":"https:\/\/uudenlastensairaalantuki.fi\/sv\/wp-json\/wp\/v2\/comments?post=1779"}],"version-history":[{"count":4,"href":"https:\/\/uudenlastensairaalantuki.fi\/sv\/wp-json\/wp\/v2\/pages\/1779\/revisions"}],"predecessor-version":[{"id":2537,"href":"https:\/\/uudenlastensairaalantuki.fi\/sv\/wp-json\/wp\/v2\/pages\/1779\/revisions\/2537"}],"wp:attachment":[{"href":"https:\/\/uudenlastensairaalantuki.fi\/sv\/wp-json\/wp\/v2\/media?parent=1779"}],"curies":[{"name":"wp","href":"https:\/\/api.w.org\/{rel}","templated":true}]}}