{"id":1766,"date":"2024-06-14T10:56:12","date_gmt":"2024-06-14T07:56:12","guid":{"rendered":"https:\/\/uudenlastensairaalantuki.fi\/konstterapi-for-att-lindra-smarta\/"},"modified":"2025-04-17T18:43:44","modified_gmt":"2025-04-17T15:43:44","slug":"konstterapi-for-att-lindra-smarta","status":"publish","type":"page","link":"https:\/\/uudenlastensairaalantuki.fi\/sv\/donera\/konstterapi-for-att-lindra-smarta\/","title":{"rendered":"Konstterapi f\u00f6r att lindra sm\u00e4rta"},"content":{"rendered":"","protected":false},"excerpt":{"rendered":"","protected":false},"author":1,"featured_media":1710,"parent":1773,"menu_order":0,"comment_status":"closed","ping_status":"closed","template":"","meta":{"_acf_changed":false,"footnotes":""},"class_list":["post-1766","page","type-page","status-publish","has-post-thumbnail","hentry"],"acf":[],"yoast_head":"<!-- This site is optimized with the Yoast SEO plugin v27.6 - https:\/\/yoast.com\/product\/yoast-seo-wordpress\/ -->\n<title>Konstterapi f\u00f6r att lindra sm\u00e4rta - Uuden Lastensairaalan Tukis\u00e4\u00e4ti\u00f6<\/title>\n<meta name=\"robots\" content=\"index, follow, max-snippet:-1, max-image-preview:large, max-video-preview:-1\" \/>\n<link rel=\"canonical\" href=\"https:\/\/uudenlastensairaalantuki.fi\/sv\/donera\/konstterapi-for-att-lindra-smarta\/\" \/>\n<meta property=\"og:locale\" content=\"sv_SE\" \/>\n<meta property=\"og:type\" content=\"article\" \/>\n<meta property=\"og:title\" content=\"Konstterapi f\u00f6r att lindra sm\u00e4rta - Uuden Lastensairaalan Tukis\u00e4\u00e4ti\u00f6\" \/>\n<meta property=\"og:url\" content=\"https:\/\/uudenlastensairaalantuki.fi\/sv\/donera\/konstterapi-for-att-lindra-smarta\/\" \/>\n<meta property=\"og:site_name\" content=\"Uuden Lastensairaalan Tukis\u00e4\u00e4ti\u00f6\" \/>\n<meta property=\"article:modified_time\" content=\"2025-04-17T15:43:44+00:00\" \/>\n<meta property=\"og:image\" content=\"https:\/\/uudenlastensairaalantuki.fi\/wp\/wp-content\/uploads\/2024\/06\/ULT_taideterapia.png\" \/>\n\t<meta property=\"og:image:width\" content=\"7681\" \/>\n\t<meta property=\"og:image:height\" content=\"4321\" \/>\n\t<meta property=\"og:image:type\" content=\"image\/png\" \/>\n<meta name=\"twitter:card\" content=\"summary_large_image\" \/>\n<script type=\"application\/ld+json\" class=\"yoast-schema-graph\">{\"@context\":\"https:\\\/\\\/schema.org\",\"@graph\":[{\"@type\":\"WebPage\",\"@id\":\"https:\\\/\\\/uudenlastensairaalantuki.fi\\\/sv\\\/donera\\\/konstterapi-for-att-lindra-smarta\\\/\",\"url\":\"https:\\\/\\\/uudenlastensairaalantuki.fi\\\/sv\\\/donera\\\/konstterapi-for-att-lindra-smarta\\\/\",\"name\":\"Konstterapi f\u00f6r att lindra sm\u00e4rta - Uuden Lastensairaalan Tukis\u00e4\u00e4ti\u00f6\",\"isPartOf\":{\"@id\":\"https:\\\/\\\/uudenlastensairaalantuki.fi\\\/sv\\\/#website\"},\"primaryImageOfPage\":{\"@id\":\"https:\\\/\\\/uudenlastensairaalantuki.fi\\\/sv\\\/donera\\\/konstterapi-for-att-lindra-smarta\\\/#primaryimage\"},\"image\":{\"@id\":\"https:\\\/\\\/uudenlastensairaalantuki.fi\\\/sv\\\/donera\\\/konstterapi-for-att-lindra-smarta\\\/#primaryimage\"},\"thumbnailUrl\":\"https:\\\/\\\/uudenlastensairaalantuki.fi\\\/wp\\\/wp-content\\\/uploads\\\/2024\\\/06\\\/ULT_taideterapia.png\",\"datePublished\":\"2024-06-14T07:56:12+00:00\",\"dateModified\":\"2025-04-17T15:43:44+00:00\",\"breadcrumb\":{\"@id\":\"https:\\\/\\\/uudenlastensairaalantuki.fi\\\/sv\\\/donera\\\/konstterapi-for-att-lindra-smarta\\\/#breadcrumb\"},\"inLanguage\":\"sv-SE\",\"potentialAction\":[{\"@type\":\"ReadAction\",\"target\":[\"https:\\\/\\\/uudenlastensairaalantuki.fi\\\/sv\\\/donera\\\/konstterapi-for-att-lindra-smarta\\\/\"]}]},{\"@type\":\"ImageObject\",\"inLanguage\":\"sv-SE\",\"@id\":\"https:\\\/\\\/uudenlastensairaalantuki.fi\\\/sv\\\/donera\\\/konstterapi-for-att-lindra-smarta\\\/#primaryimage\",\"url\":\"https:\\\/\\\/uudenlastensairaalantuki.fi\\\/wp\\\/wp-content\\\/uploads\\\/2024\\\/06\\\/ULT_taideterapia.png\",\"contentUrl\":\"https:\\\/\\\/uudenlastensairaalantuki.fi\\\/wp\\\/wp-content\\\/uploads\\\/2024\\\/06\\\/ULT_taideterapia.png\",\"width\":7681,\"height\":4321},{\"@type\":\"BreadcrumbList\",\"@id\":\"https:\\\/\\\/uudenlastensairaalantuki.fi\\\/sv\\\/donera\\\/konstterapi-for-att-lindra-smarta\\\/#breadcrumb\",\"itemListElement\":[{\"@type\":\"ListItem\",\"position\":1,\"name\":\"Etusivu\",\"item\":\"https:\\\/\\\/uudenlastensairaalantuki.fi\\\/sv\\\/\"},{\"@type\":\"ListItem\",\"position\":2,\"name\":\"Konstterapi f\u00f6r att lindra sm\u00e4rta\"}]},{\"@type\":\"WebSite\",\"@id\":\"https:\\\/\\\/uudenlastensairaalantuki.fi\\\/sv\\\/#website\",\"url\":\"https:\\\/\\\/uudenlastensairaalantuki.fi\\\/sv\\\/\",\"name\":\"Uuden Lastensairaalan Tukis\u00e4\u00e4ti\u00f6\",\"description\":\"Uusi lastensairaala on koko Suomen hanke. Tukis\u00e4\u00e4ti\u00f6 kehitt\u00e4\u00e4 sairaalaa ja sen toimintaa, jotta lapsipotilaat saavat parasta mahdollista hoitoa.\",\"publisher\":{\"@id\":\"https:\\\/\\\/uudenlastensairaalantuki.fi\\\/sv\\\/#organization\"},\"potentialAction\":[{\"@type\":\"SearchAction\",\"target\":{\"@type\":\"EntryPoint\",\"urlTemplate\":\"https:\\\/\\\/uudenlastensairaalantuki.fi\\\/sv\\\/?s={search_term_string}\"},\"query-input\":{\"@type\":\"PropertyValueSpecification\",\"valueRequired\":true,\"valueName\":\"search_term_string\"}}],\"inLanguage\":\"sv-SE\"},{\"@type\":\"Organization\",\"@id\":\"https:\\\/\\\/uudenlastensairaalantuki.fi\\\/sv\\\/#organization\",\"name\":\"Uuden Lastensairaalan Tukis\u00e4\u00e4ti\u00f6\",\"url\":\"https:\\\/\\\/uudenlastensairaalantuki.fi\\\/sv\\\/\",\"logo\":{\"@type\":\"ImageObject\",\"inLanguage\":\"sv-SE\",\"@id\":\"https:\\\/\\\/uudenlastensairaalantuki.fi\\\/sv\\\/#\\\/schema\\\/logo\\\/image\\\/\",\"url\":\"https:\\\/\\\/uudenlastensairaalantuki.fi\\\/wp\\\/wp-content\\\/uploads\\\/2024\\\/04\\\/ults-logo-pinkki.png\",\"contentUrl\":\"https:\\\/\\\/uudenlastensairaalantuki.fi\\\/wp\\\/wp-content\\\/uploads\\\/2024\\\/04\\\/ults-logo-pinkki.png\",\"width\":916,\"height\":400,\"caption\":\"Uuden Lastensairaalan Tukis\u00e4\u00e4ti\u00f6\"},\"image\":{\"@id\":\"https:\\\/\\\/uudenlastensairaalantuki.fi\\\/sv\\\/#\\\/schema\\\/logo\\\/image\\\/\"}}]}<\/script>\n<!-- \/ Yoast SEO plugin. -->","yoast_head_json":{"title":"Konstterapi f\u00f6r att lindra sm\u00e4rta - Uuden Lastensairaalan Tukis\u00e4\u00e4ti\u00f6","robots":{"index":"index","follow":"follow","max-snippet":"max-snippet:-1","max-image-preview":"max-image-preview:large","max-video-preview":"max-video-preview:-1"},"canonical":"https:\/\/uudenlastensairaalantuki.fi\/sv\/donera\/konstterapi-for-att-lindra-smarta\/","og_locale":"sv_SE","og_type":"article","og_title":"Konstterapi f\u00f6r att lindra sm\u00e4rta - Uuden Lastensairaalan Tukis\u00e4\u00e4ti\u00f6","og_url":"https:\/\/uudenlastensairaalantuki.fi\/sv\/donera\/konstterapi-for-att-lindra-smarta\/","og_site_name":"Uuden Lastensairaalan Tukis\u00e4\u00e4ti\u00f6","article_modified_time":"2025-04-17T15:43:44+00:00","og_image":[{"width":7681,"height":4321,"url":"https:\/\/uudenlastensairaalantuki.fi\/wp\/wp-content\/uploads\/2024\/06\/ULT_taideterapia.png","type":"image\/png"}],"twitter_card":"summary_large_image","schema":{"@context":"https:\/\/schema.org","@graph":[{"@type":"WebPage","@id":"https:\/\/uudenlastensairaalantuki.fi\/sv\/donera\/konstterapi-for-att-lindra-smarta\/","url":"https:\/\/uudenlastensairaalantuki.fi\/sv\/donera\/konstterapi-for-att-lindra-smarta\/","name":"Konstterapi f\u00f6r att lindra sm\u00e4rta - Uuden Lastensairaalan Tukis\u00e4\u00e4ti\u00f6","isPartOf":{"@id":"https:\/\/uudenlastensairaalantuki.fi\/sv\/#website"},"primaryImageOfPage":{"@id":"https:\/\/uudenlastensairaalantuki.fi\/sv\/donera\/konstterapi-for-att-lindra-smarta\/#primaryimage"},"image":{"@id":"https:\/\/uudenlastensairaalantuki.fi\/sv\/donera\/konstterapi-for-att-lindra-smarta\/#primaryimage"},"thumbnailUrl":"https:\/\/uudenlastensairaalantuki.fi\/wp\/wp-content\/uploads\/2024\/06\/ULT_taideterapia.png","datePublished":"2024-06-14T07:56:12+00:00","dateModified":"2025-04-17T15:43:44+00:00","breadcrumb":{"@id":"https:\/\/uudenlastensairaalantuki.fi\/sv\/donera\/konstterapi-for-att-lindra-smarta\/#breadcrumb"},"inLanguage":"sv-SE","potentialAction":[{"@type":"ReadAction","target":["https:\/\/uudenlastensairaalantuki.fi\/sv\/donera\/konstterapi-for-att-lindra-smarta\/"]}]},{"@type":"ImageObject","inLanguage":"sv-SE","@id":"https:\/\/uudenlastensairaalantuki.fi\/sv\/donera\/konstterapi-for-att-lindra-smarta\/#primaryimage","url":"https:\/\/uudenlastensairaalantuki.fi\/wp\/wp-content\/uploads\/2024\/06\/ULT_taideterapia.png","contentUrl":"https:\/\/uudenlastensairaalantuki.fi\/wp\/wp-content\/uploads\/2024\/06\/ULT_taideterapia.png","width":7681,"height":4321},{"@type":"BreadcrumbList","@id":"https:\/\/uudenlastensairaalantuki.fi\/sv\/donera\/konstterapi-for-att-lindra-smarta\/#breadcrumb","itemListElement":[{"@type":"ListItem","position":1,"name":"Etusivu","item":"https:\/\/uudenlastensairaalantuki.fi\/sv\/"},{"@type":"ListItem","position":2,"name":"Konstterapi f\u00f6r att lindra sm\u00e4rta"}]},{"@type":"WebSite","@id":"https:\/\/uudenlastensairaalantuki.fi\/sv\/#website","url":"https:\/\/uudenlastensairaalantuki.fi\/sv\/","name":"Uuden Lastensairaalan Tukis\u00e4\u00e4ti\u00f6","description":"Uusi lastensairaala on koko Suomen hanke. Tukis\u00e4\u00e4ti\u00f6 kehitt\u00e4\u00e4 sairaalaa ja sen toimintaa, jotta lapsipotilaat saavat parasta mahdollista hoitoa.","publisher":{"@id":"https:\/\/uudenlastensairaalantuki.fi\/sv\/#organization"},"potentialAction":[{"@type":"SearchAction","target":{"@type":"EntryPoint","urlTemplate":"https:\/\/uudenlastensairaalantuki.fi\/sv\/?s={search_term_string}"},"query-input":{"@type":"PropertyValueSpecification","valueRequired":true,"valueName":"search_term_string"}}],"inLanguage":"sv-SE"},{"@type":"Organization","@id":"https:\/\/uudenlastensairaalantuki.fi\/sv\/#organization","name":"Uuden Lastensairaalan Tukis\u00e4\u00e4ti\u00f6","url":"https:\/\/uudenlastensairaalantuki.fi\/sv\/","logo":{"@type":"ImageObject","inLanguage":"sv-SE","@id":"https:\/\/uudenlastensairaalantuki.fi\/sv\/#\/schema\/logo\/image\/","url":"https:\/\/uudenlastensairaalantuki.fi\/wp\/wp-content\/uploads\/2024\/04\/ults-logo-pinkki.png","contentUrl":"https:\/\/uudenlastensairaalantuki.fi\/wp\/wp-content\/uploads\/2024\/04\/ults-logo-pinkki.png","width":916,"height":400,"caption":"Uuden Lastensairaalan Tukis\u00e4\u00e4ti\u00f6"},"image":{"@id":"https:\/\/uudenlastensairaalantuki.fi\/sv\/#\/schema\/logo\/image\/"}}]}},"_links":{"self":[{"href":"https:\/\/uudenlastensairaalantuki.fi\/sv\/wp-json\/wp\/v2\/pages\/1766","targetHints":{"allow":["GET"]}}],"collection":[{"href":"https:\/\/uudenlastensairaalantuki.fi\/sv\/wp-json\/wp\/v2\/pages"}],"about":[{"href":"https:\/\/uudenlastensairaalantuki.fi\/sv\/wp-json\/wp\/v2\/types\/page"}],"author":[{"embeddable":true,"href":"https:\/\/uudenlastensairaalantuki.fi\/sv\/wp-json\/wp\/v2\/users\/1"}],"replies":[{"embeddable":true,"href":"https:\/\/uudenlastensairaalantuki.fi\/sv\/wp-json\/wp\/v2\/comments?post=1766"}],"version-history":[{"count":1,"href":"https:\/\/uudenlastensairaalantuki.fi\/sv\/wp-json\/wp\/v2\/pages\/1766\/revisions"}],"predecessor-version":[{"id":1775,"href":"https:\/\/uudenlastensairaalantuki.fi\/sv\/wp-json\/wp\/v2\/pages\/1766\/revisions\/1775"}],"up":[{"embeddable":true,"href":"https:\/\/uudenlastensairaalantuki.fi\/sv\/wp-json\/wp\/v2\/pages\/1773"}],"wp:featuredmedia":[{"embeddable":true,"href":"https:\/\/uudenlastensairaalantuki.fi\/sv\/wp-json\/wp\/v2\/media\/1710"}],"wp:attachment":[{"href":"https:\/\/uudenlastensairaalantuki.fi\/sv\/wp-json\/wp\/v2\/media?parent=1766"}],"curies":[{"name":"wp","href":"https:\/\/api.w.org\/{rel}","templated":true}]}}