{"id":2353,"date":"2025-06-25T09:12:48","date_gmt":"2025-06-25T06:12:48","guid":{"rendered":"https:\/\/uudenlastensairaalantuki.fi\/add-innovation\/"},"modified":"2025-10-28T15:24:36","modified_gmt":"2025-10-28T13:24:36","slug":"add-innovation","status":"publish","type":"page","link":"https:\/\/uudenlastensairaalantuki.fi\/en\/add-innovation\/","title":{"rendered":"Add innovation"},"content":{"rendered":"\n\n\t<h2>Welcome to The Pediatric Innovation Challenge<\/h2>\n\t<div class=\"wpuf-message\">To add a new innovation, please <a href=\"\/register\">register for an account<\/a> first.<\/div>\n\n","protected":false},"excerpt":{"rendered":"<p>Welcome to The Pediatric Innovation Challenge<\/p>\n","protected":false},"author":4,"featured_media":0,"parent":0,"menu_order":0,"comment_status":"closed","ping_status":"closed","template":"","meta":{"_acf_changed":false,"footnotes":""},"class_list":["post-2353","page","type-page","status-publish","hentry"],"acf":[],"yoast_head":"<!-- This site is optimized with the Yoast SEO plugin v27.6 - https:\/\/yoast.com\/product\/yoast-seo-wordpress\/ -->\n<title>Add innovation - Uuden Lastensairaalan Tukis\u00e4\u00e4ti\u00f6<\/title>\n<meta name=\"robots\" content=\"index, follow, max-snippet:-1, max-image-preview:large, max-video-preview:-1\" \/>\n<link rel=\"canonical\" href=\"https:\/\/uudenlastensairaalantuki.fi\/en\/add-innovation\/\" \/>\n<meta property=\"og:locale\" content=\"en_US\" \/>\n<meta property=\"og:type\" content=\"article\" \/>\n<meta property=\"og:title\" content=\"Add innovation - Uuden Lastensairaalan Tukis\u00e4\u00e4ti\u00f6\" \/>\n<meta property=\"og:description\" content=\"Welcome to The Pediatric Innovation Challenge\" \/>\n<meta property=\"og:url\" content=\"https:\/\/uudenlastensairaalantuki.fi\/en\/add-innovation\/\" \/>\n<meta property=\"og:site_name\" content=\"Uuden Lastensairaalan Tukis\u00e4\u00e4ti\u00f6\" \/>\n<meta property=\"article:modified_time\" content=\"2025-10-28T13:24:36+00:00\" \/>\n<meta property=\"og:image\" content=\"https:\/\/uudenlastensairaalantuki.fi\/wp\/wp-content\/uploads\/2024\/12\/ult_og.jpg\" \/>\n\t<meta property=\"og:image:width\" content=\"1920\" \/>\n\t<meta property=\"og:image:height\" content=\"1080\" \/>\n\t<meta property=\"og:image:type\" content=\"image\/jpeg\" \/>\n<meta name=\"twitter:card\" content=\"summary_large_image\" \/>\n<meta name=\"twitter:label1\" content=\"Est. reading time\" \/>\n\t<meta name=\"twitter:data1\" content=\"1 minute\" \/>\n<script type=\"application\/ld+json\" class=\"yoast-schema-graph\">{\"@context\":\"https:\\\/\\\/schema.org\",\"@graph\":[{\"@type\":\"WebPage\",\"@id\":\"https:\\\/\\\/uudenlastensairaalantuki.fi\\\/en\\\/add-innovation\\\/\",\"url\":\"https:\\\/\\\/uudenlastensairaalantuki.fi\\\/en\\\/add-innovation\\\/\",\"name\":\"Add innovation - Uuden Lastensairaalan Tukis\u00e4\u00e4ti\u00f6\",\"isPartOf\":{\"@id\":\"https:\\\/\\\/uudenlastensairaalantuki.fi\\\/en\\\/#website\"},\"datePublished\":\"2025-06-25T06:12:48+00:00\",\"dateModified\":\"2025-10-28T13:24:36+00:00\",\"breadcrumb\":{\"@id\":\"https:\\\/\\\/uudenlastensairaalantuki.fi\\\/en\\\/add-innovation\\\/#breadcrumb\"},\"inLanguage\":\"en-US\",\"potentialAction\":[{\"@type\":\"ReadAction\",\"target\":[\"https:\\\/\\\/uudenlastensairaalantuki.fi\\\/en\\\/add-innovation\\\/\"]}]},{\"@type\":\"BreadcrumbList\",\"@id\":\"https:\\\/\\\/uudenlastensairaalantuki.fi\\\/en\\\/add-innovation\\\/#breadcrumb\",\"itemListElement\":[{\"@type\":\"ListItem\",\"position\":1,\"name\":\"Etusivu\",\"item\":\"https:\\\/\\\/uudenlastensairaalantuki.fi\\\/en\\\/\"},{\"@type\":\"ListItem\",\"position\":2,\"name\":\"Add innovation\"}]},{\"@type\":\"WebSite\",\"@id\":\"https:\\\/\\\/uudenlastensairaalantuki.fi\\\/en\\\/#website\",\"url\":\"https:\\\/\\\/uudenlastensairaalantuki.fi\\\/en\\\/\",\"name\":\"Uuden Lastensairaalan Tukis\u00e4\u00e4ti\u00f6\",\"description\":\"Uusi lastensairaala on koko Suomen hanke. Tukis\u00e4\u00e4ti\u00f6 kehitt\u00e4\u00e4 sairaalaa ja sen toimintaa, jotta lapsipotilaat saavat parasta mahdollista hoitoa.\",\"publisher\":{\"@id\":\"https:\\\/\\\/uudenlastensairaalantuki.fi\\\/en\\\/#organization\"},\"potentialAction\":[{\"@type\":\"SearchAction\",\"target\":{\"@type\":\"EntryPoint\",\"urlTemplate\":\"https:\\\/\\\/uudenlastensairaalantuki.fi\\\/en\\\/?s={search_term_string}\"},\"query-input\":{\"@type\":\"PropertyValueSpecification\",\"valueRequired\":true,\"valueName\":\"search_term_string\"}}],\"inLanguage\":\"en-US\"},{\"@type\":\"Organization\",\"@id\":\"https:\\\/\\\/uudenlastensairaalantuki.fi\\\/en\\\/#organization\",\"name\":\"Uuden Lastensairaalan Tukis\u00e4\u00e4ti\u00f6\",\"url\":\"https:\\\/\\\/uudenlastensairaalantuki.fi\\\/en\\\/\",\"logo\":{\"@type\":\"ImageObject\",\"inLanguage\":\"en-US\",\"@id\":\"https:\\\/\\\/uudenlastensairaalantuki.fi\\\/en\\\/#\\\/schema\\\/logo\\\/image\\\/\",\"url\":\"https:\\\/\\\/uudenlastensairaalantuki.fi\\\/wp\\\/wp-content\\\/uploads\\\/2024\\\/04\\\/ults-logo-pinkki.png\",\"contentUrl\":\"https:\\\/\\\/uudenlastensairaalantuki.fi\\\/wp\\\/wp-content\\\/uploads\\\/2024\\\/04\\\/ults-logo-pinkki.png\",\"width\":916,\"height\":400,\"caption\":\"Uuden Lastensairaalan Tukis\u00e4\u00e4ti\u00f6\"},\"image\":{\"@id\":\"https:\\\/\\\/uudenlastensairaalantuki.fi\\\/en\\\/#\\\/schema\\\/logo\\\/image\\\/\"}}]}<\/script>\n<!-- \/ Yoast SEO plugin. -->","yoast_head_json":{"title":"Add innovation - Uuden Lastensairaalan Tukis\u00e4\u00e4ti\u00f6","robots":{"index":"index","follow":"follow","max-snippet":"max-snippet:-1","max-image-preview":"max-image-preview:large","max-video-preview":"max-video-preview:-1"},"canonical":"https:\/\/uudenlastensairaalantuki.fi\/en\/add-innovation\/","og_locale":"en_US","og_type":"article","og_title":"Add innovation - Uuden Lastensairaalan Tukis\u00e4\u00e4ti\u00f6","og_description":"Welcome to The Pediatric Innovation Challenge","og_url":"https:\/\/uudenlastensairaalantuki.fi\/en\/add-innovation\/","og_site_name":"Uuden Lastensairaalan Tukis\u00e4\u00e4ti\u00f6","article_modified_time":"2025-10-28T13:24:36+00:00","og_image":[{"width":1920,"height":1080,"url":"https:\/\/uudenlastensairaalantuki.fi\/wp\/wp-content\/uploads\/2024\/12\/ult_og.jpg","type":"image\/jpeg"}],"twitter_card":"summary_large_image","twitter_misc":{"Est. reading time":"1 minute"},"schema":{"@context":"https:\/\/schema.org","@graph":[{"@type":"WebPage","@id":"https:\/\/uudenlastensairaalantuki.fi\/en\/add-innovation\/","url":"https:\/\/uudenlastensairaalantuki.fi\/en\/add-innovation\/","name":"Add innovation - Uuden Lastensairaalan Tukis\u00e4\u00e4ti\u00f6","isPartOf":{"@id":"https:\/\/uudenlastensairaalantuki.fi\/en\/#website"},"datePublished":"2025-06-25T06:12:48+00:00","dateModified":"2025-10-28T13:24:36+00:00","breadcrumb":{"@id":"https:\/\/uudenlastensairaalantuki.fi\/en\/add-innovation\/#breadcrumb"},"inLanguage":"en-US","potentialAction":[{"@type":"ReadAction","target":["https:\/\/uudenlastensairaalantuki.fi\/en\/add-innovation\/"]}]},{"@type":"BreadcrumbList","@id":"https:\/\/uudenlastensairaalantuki.fi\/en\/add-innovation\/#breadcrumb","itemListElement":[{"@type":"ListItem","position":1,"name":"Etusivu","item":"https:\/\/uudenlastensairaalantuki.fi\/en\/"},{"@type":"ListItem","position":2,"name":"Add innovation"}]},{"@type":"WebSite","@id":"https:\/\/uudenlastensairaalantuki.fi\/en\/#website","url":"https:\/\/uudenlastensairaalantuki.fi\/en\/","name":"Uuden Lastensairaalan Tukis\u00e4\u00e4ti\u00f6","description":"Uusi lastensairaala on koko Suomen hanke. Tukis\u00e4\u00e4ti\u00f6 kehitt\u00e4\u00e4 sairaalaa ja sen toimintaa, jotta lapsipotilaat saavat parasta mahdollista hoitoa.","publisher":{"@id":"https:\/\/uudenlastensairaalantuki.fi\/en\/#organization"},"potentialAction":[{"@type":"SearchAction","target":{"@type":"EntryPoint","urlTemplate":"https:\/\/uudenlastensairaalantuki.fi\/en\/?s={search_term_string}"},"query-input":{"@type":"PropertyValueSpecification","valueRequired":true,"valueName":"search_term_string"}}],"inLanguage":"en-US"},{"@type":"Organization","@id":"https:\/\/uudenlastensairaalantuki.fi\/en\/#organization","name":"Uuden Lastensairaalan Tukis\u00e4\u00e4ti\u00f6","url":"https:\/\/uudenlastensairaalantuki.fi\/en\/","logo":{"@type":"ImageObject","inLanguage":"en-US","@id":"https:\/\/uudenlastensairaalantuki.fi\/en\/#\/schema\/logo\/image\/","url":"https:\/\/uudenlastensairaalantuki.fi\/wp\/wp-content\/uploads\/2024\/04\/ults-logo-pinkki.png","contentUrl":"https:\/\/uudenlastensairaalantuki.fi\/wp\/wp-content\/uploads\/2024\/04\/ults-logo-pinkki.png","width":916,"height":400,"caption":"Uuden Lastensairaalan Tukis\u00e4\u00e4ti\u00f6"},"image":{"@id":"https:\/\/uudenlastensairaalantuki.fi\/en\/#\/schema\/logo\/image\/"}}]}},"_links":{"self":[{"href":"https:\/\/uudenlastensairaalantuki.fi\/en\/wp-json\/wp\/v2\/pages\/2353","targetHints":{"allow":["GET"]}}],"collection":[{"href":"https:\/\/uudenlastensairaalantuki.fi\/en\/wp-json\/wp\/v2\/pages"}],"about":[{"href":"https:\/\/uudenlastensairaalantuki.fi\/en\/wp-json\/wp\/v2\/types\/page"}],"author":[{"embeddable":true,"href":"https:\/\/uudenlastensairaalantuki.fi\/en\/wp-json\/wp\/v2\/users\/4"}],"replies":[{"embeddable":true,"href":"https:\/\/uudenlastensairaalantuki.fi\/en\/wp-json\/wp\/v2\/comments?post=2353"}],"version-history":[{"count":1,"href":"https:\/\/uudenlastensairaalantuki.fi\/en\/wp-json\/wp\/v2\/pages\/2353\/revisions"}],"predecessor-version":[{"id":2411,"href":"https:\/\/uudenlastensairaalantuki.fi\/en\/wp-json\/wp\/v2\/pages\/2353\/revisions\/2411"}],"wp:attachment":[{"href":"https:\/\/uudenlastensairaalantuki.fi\/en\/wp-json\/wp\/v2\/media?parent=2353"}],"curies":[{"name":"wp","href":"https:\/\/api.w.org\/{rel}","templated":true}]}}